{"id":957,"date":"2023-12-30T12:59:10","date_gmt":"2023-12-30T11:59:10","guid":{"rendered":"https:\/\/fleursduzen.com\/?page_id=957"},"modified":"2025-03-25T17:33:18","modified_gmt":"2025-03-25T16:33:18","slug":"massage-lymphatique-drainant","status":"publish","type":"page","link":"https:\/\/fleursduzen.com\/index.php\/massage-lymphatique-drainant\/","title":{"rendered":"Massage lymphatique drainant"},"content":{"rendered":"[et_pb_section fb_built=\u00a0\u00bb1&Prime; admin_label=\u00a0\u00bbsection\u00a0\u00bb _builder_version=\u00a0\u00bb4.16&Prime; global_colors_info=\u00a0\u00bb{}\u00a0\u00bb][et_pb_row admin_label=\u00a0\u00bbrow\u00a0\u00bb _builder_version=\u00a0\u00bb4.16&Prime; background_size=\u00a0\u00bbinitial\u00a0\u00bb background_position=\u00a0\u00bbtop_left\u00a0\u00bb background_repeat=\u00a0\u00bbrepeat\u00a0\u00bb global_colors_info=\u00a0\u00bb{}\u00a0\u00bb][et_pb_column type=\u00a0\u00bb4_4&Prime; _builder_version=\u00a0\u00bb4.16&Prime; custom_padding=\u00a0\u00bb|||\u00a0\u00bb global_colors_info=\u00a0\u00bb{}\u00a0\u00bb custom_padding__hover=\u00a0\u00bb|||\u00a0\u00bb][et_pb_text admin_label=\u00a0\u00bbText\u00a0\u00bb _builder_version=\u00a0\u00bb4.27.4&Prime; background_size=\u00a0\u00bbinitial\u00a0\u00bb background_position=\u00a0\u00bbtop_left\u00a0\u00bb background_repeat=\u00a0\u00bbrepeat\u00a0\u00bb hover_enabled=\u00a0\u00bb0&Prime; global_colors_info=\u00a0\u00bb{}\u00a0\u00bb text_orientation=\u00a0\u00bbcenter\u00a0\u00bb sticky_enabled=\u00a0\u00bb0&Prime;]<p><\/p>\n<h1 class=\"wp-block-heading has-text-align-center has-vivid-red-color has-text-color has-link-color wp-elements-35d7ec65923edb1c6863e06d2abdf228\" style=\"font-size: 30px;\"><strong><mark style=\"background-color: rgba(0, 0, 0, 0); color: #cf2e2e;\" class=\"has-inline-color\">Massage lymphatique drainant<\/mark><\/strong><\/h1>\n<p><\/p>\n<p><\/p>\n<figure class=\"wp-block-image aligncenter size-full is-resized\"><img loading=\"lazy\" decoding=\"async\" width=\"400\" height=\"400\" src=\"https:\/\/fleursduzen.com\/wp-content\/uploads\/2024\/01\/In-love-with-me-400-x-400-px-1.png\" alt=\"Massage d\u00e9tente Lille S\u00e9ance de massage relaxant Massoth\u00e9rapie Lille Bienfaits du massage d\u00e9tente Relaxation corporelle \u00e0 Lille Massage apaisant Lille Soin du corps relaxant Techniques de relaxation musculaire Centre de bien-\u00eatre Lille Th\u00e9rapie de relaxation Massage anti-stress \u00e0 Lille Massage de d\u00e9tente profonde Bien-\u00eatre physique et mental Pause d\u00e9tente Lille Massage californien Lille S\u00e9ance de relaxation totale Massage d\u00e9stressant \u00e0 Lille Soin relaxant du dos Massage global du corps Centre de massage bien-\u00eatre Lille\" class=\"wp-image-1218\" style=\"width: 110px; height: auto;\" srcset=\"https:\/\/fleursduzen.com\/wp-content\/uploads\/2024\/01\/In-love-with-me-400-x-400-px-1.png 400w, https:\/\/fleursduzen.com\/wp-content\/uploads\/2024\/01\/In-love-with-me-400-x-400-px-1-300x300.png 300w, https:\/\/fleursduzen.com\/wp-content\/uploads\/2024\/01\/In-love-with-me-400-x-400-px-1-150x150.png 150w\" sizes=\"(max-width: 400px) 100vw, 400px\" \/><\/figure>\n<p><\/p>\n<p><\/p>\n<div style=\"height: 12px;\" aria-hidden=\"true\" class=\"wp-block-spacer\"><\/div>\n<p><\/p>\n<p><\/p>\n<p class=\"has-text-align-center\">Gonflements, jambes lourdes, cernes \u2026 sont caus\u00e9s par la stagnation de la lymphe, le liquide circulatoire le plus abondant du corps humain, qui circule dans son propre r\u00e9seau, compos\u00e9 de capillaires et de vaisseaux.<\/p>\n<p><\/p>\n<p><\/p>\n<h2 class=\"wp-block-heading has-text-align-center\" style=\"font-size: 23px;\"><strong><mark style=\"background-color: rgba(0, 0, 0, 0); color: #cf2e2e;\" class=\"has-inline-color\">\u00c0 savoir sur la s\u00e9ance :<\/mark><\/strong><\/h2>\n<p><\/p>\n<p><\/p>\n<p class=\"has-text-align-center\">Particuli\u00e8rement efficace pour l\u2019\u00e9limination, il n\u2019est pas un massage minceur.<\/p>\n<p><\/p>\n<p><\/p>\n<div class=\"wp-block-buttons is-content-justification-center is-layout-flex wp-container-core-buttons-is-layout-16018d1d wp-block-buttons-is-layout-flex\">\n<p><\/p>\n<div class=\"wp-block-button has-custom-font-size\" style=\"font-size: 14px;\"><a class=\"wp-block-button__link has-vivid-red-background-color has-background wp-element-button\"><strong>Voir le massage minceur<\/strong><\/a><\/div>\n<p><\/p>\n<\/div>\n<p><\/p>\n<p><\/p>\n<p class=\"has-text-align-center has-vivid-red-color has-text-color has-link-color wp-elements-f0ab56ea495ce9d1f5d754fc85273a34\" style=\"font-size: 23px;\"><strong><mark style=\"background-color: rgba(0, 0, 0, 0); color: #cf2e2e;\" class=\"has-inline-color\">Contre-indications\u00a0:<\/mark><\/strong><\/p>\n<p><\/p>\n<p><\/p>\n<p class=\"has-text-align-center\">1- Grossesse de moins de 3 mois<\/p>\n<p><\/p>\n<p><\/p>\n<p class=\"has-text-align-center\">2- Pathologies lourdes ( cancer, troubles cardiaques)<\/p>\n<p><\/p>\n<p><\/p>\n<p class=\"has-text-align-center\">3- Fi\u00e8vre<\/p>\n<p><\/p>\n<p><\/p>\n<p class=\"has-text-align-center\"><strong>S\u00e9ance d&rsquo;une heure.<\/strong><\/p>\n<p><\/p>\n<p><\/p>\n<p class=\"has-text-align-center has-vivid-red-color has-text-color has-link-color wp-elements-4201c0424c883f7c32cc9a8e8b27fe1f\" style=\"font-size: 23px;\"><strong><mark style=\"background-color: rgba(0, 0, 0, 0); color: #cf2e2e;\" class=\"has-inline-color\">Tout savoir sur le massage lymphatique drainant :<\/mark><\/strong><\/p>\n<p><\/p>\n<p><\/p>\n<p class=\"has-text-align-center\">Le syst\u00e8me lymphatique, au contraire, du syst\u00e8me sanguin n\u2019est pas pourvu de pompe ( le c\u0153ur ) et c\u2019est gr\u00e2ce \u00e0 nos mouvements et \u00e0 la respiration que la lymphe circule et nous nettoie de nos d\u00e9chets via les ganglions lymphatiques situ\u00e9s au niveau des genoux, de l\u2019aine, des aisselles, etc ..<\/p>\n<p><\/p>\n<p><\/p>\n<p class=\"has-text-align-center\">La lymphe joue un r\u00f4le pr\u00e9pond\u00e9rant dans le syst\u00e8me immunitaire et nous d\u00e9barrasse des substances pathog\u00e8nes, tels que les virus, les bact\u00e9ries et les diff\u00e9rentes infections.<br \/>Quand le syst\u00e8me lymphatique est ralenti ou d\u00e9faillant, cela peut cr\u00e9er dans un premier temps un engorgement des tissus, visible au niveau des articulations, ou m\u00eame au niveau des cuisses ou des bras par la cellulite aqueuse, mais aussi des lymph\u0153d\u00e8mes si les ganglions sont bouch\u00e9s. Un tiers des femmes en sont affect\u00e9es.<\/p>\n<p><\/p>\n<p><\/p>\n<p class=\"has-text-align-center\">C\u2019est pour cela que le Docteur danois Vodder a cr\u00e9e sa m\u00e9thode de drainage lymphatique dans les ann\u00e9es 30. Elle s\u2019appuie sur des mouvements manuels doux en surface, qui reproduisent et accentuent le rythme naturel de la lymphe.<\/p>\n<p><\/p>\n<p><\/p>\n<p class=\"has-text-align-center\">C\u2019est cette m\u00e9thode qui est aujourd\u2019hui encore utilis\u00e9e dans la r\u00e9cup\u00e9ration post-op\u00e9ratoire, les \u0153d\u00e8mes douloureux ou non, les jambes lourdes, la r\u00e9tention d\u2019eau, les gonflements dus \u00e0 la grossesse, l\u2019acn\u00e9 etc\u2026<\/p>\n<p><\/p>\n<p><\/p>\n<p class=\"has-text-align-center has-vivid-red-color has-text-color has-link-color wp-elements-4e588e9d08cacf6ec131978f0cd97218\" style=\"font-size: 19px;\"><strong><mark style=\"background-color: rgba(0, 0, 0, 0); color: #cf2e2e;\" class=\"has-inline-color\">Tarif\u00a0: 50 euros la s\u00e9ance<br \/>Package 10 s\u00e9ances\u00a0: 450 euros<\/mark><\/strong><\/p>\n<p><\/p>\n<p><\/p>\n<div class=\"wp-block-buttons is-content-justification-center is-layout-flex wp-container-core-buttons-is-layout-16018d1d wp-block-buttons-is-layout-flex\">\n<p><\/p>\n<div class=\"wp-block-button\"><a class=\"wp-block-button__link has-vivid-red-background-color has-background wp-element-button\" href=\"https:\/\/fleursduzen.com\/index.php\/contacter\/\"><strong>R\u00e9server une s\u00e9ance<\/strong><\/a><\/div>\n<p><\/p>\n<\/div>\n<p><\/p>[\/et_pb_text][\/et_pb_column][\/et_pb_row][\/et_pb_section]","protected":false},"excerpt":{"rendered":"<p>Massage lymphatique drainant Gonflements, jambes lourdes, cernes \u2026 sont caus\u00e9s par la stagnation de la lymphe, le liquide circulatoire le plus abondant du corps humain, qui circule dans son propre r\u00e9seau, compos\u00e9 de capillaires et de vaisseaux. \u00c0 savoir sur la s\u00e9ance : Particuli\u00e8rement efficace pour l\u2019\u00e9limination, il n\u2019est pas un massage minceur. Voir le [&hellip;]<\/p>\n","protected":false},"author":1,"featured_media":0,"parent":0,"menu_order":0,"comment_status":"closed","ping_status":"closed","template":"","meta":{"_et_pb_use_builder":"on","_et_pb_old_content":"<!-- wp:heading {\"textAlign\":\"center\",\"level\":1,\"style\":{\"elements\":{\"link\":{\"color\":{\"text\":\"var:preset|color|vivid-red\"}}},\"typography\":{\"fontSize\":\"30px\"}},\"textColor\":\"vivid-red\"} -->\n<h1 class=\"wp-block-heading has-text-align-center has-vivid-red-color has-text-color has-link-color\" style=\"font-size:30px\"><mark style=\"background-color:rgba(0, 0, 0, 0);color:#cf2e2e\" class=\"has-inline-color\">Massage lymphatique drainant<\/mark><\/h1>\n<!-- \/wp:heading -->\n\n<!-- wp:image {\"align\":\"center\",\"id\":1218,\"width\":\"110px\",\"height\":\"auto\",\"sizeSlug\":\"full\",\"linkDestination\":\"none\"} -->\n<figure class=\"wp-block-image aligncenter size-full is-resized\"><img src=\"https:\/\/fleursduzen.com\/wp-content\/uploads\/2024\/01\/In-love-with-me-400-x-400-px-1.png\" alt=\"Massage d\u00e9tente Lille\nS\u00e9ance de massage relaxant\nMassoth\u00e9rapie Lille\nBienfaits du massage d\u00e9tente\nRelaxation corporelle \u00e0 Lille\nMassage apaisant Lille\nSoin du corps relaxant\nTechniques de relaxation musculaire\nCentre de bien-\u00eatre Lille\nTh\u00e9rapie de relaxation\nMassage anti-stress \u00e0 Lille\nMassage de d\u00e9tente profonde\nBien-\u00eatre physique et mental\nPause d\u00e9tente Lille\nMassage californien Lille\nS\u00e9ance de relaxation totale\nMassage d\u00e9stressant \u00e0 Lille\nSoin relaxant du dos\nMassage global du corps\nCentre de massage bien-\u00eatre Lille\" class=\"wp-image-1218\" style=\"width:110px;height:auto\"\/><\/figure>\n<!-- \/wp:image -->\n\n<!-- wp:spacer {\"height\":\"12px\"} -->\n<div style=\"height:12px\" aria-hidden=\"true\" class=\"wp-block-spacer\"><\/div>\n<!-- \/wp:spacer -->\n\n<!-- wp:paragraph {\"align\":\"center\"} -->\n<p class=\"has-text-align-center\">Gonflements, jambes lourdes, cernes \u2026 sont caus\u00e9s par la stagnation de la lymphe, le liquide circulatoire le plus abondant du corps humain, qui circule dans son propre r\u00e9seau, compos\u00e9 de capillaires et de vaisseaux.<\/p>\n<!-- \/wp:paragraph -->\n\n<!-- wp:heading {\"textAlign\":\"center\",\"style\":{\"typography\":{\"fontSize\":\"23px\"}}} -->\n<h2 class=\"wp-block-heading has-text-align-center\" style=\"font-size:23px\"><strong><mark style=\"background-color:rgba(0, 0, 0, 0);color:#cf2e2e\" class=\"has-inline-color\">\u00c0 savoir sur la s\u00e9ance :<\/mark><\/strong><\/h2>\n<!-- \/wp:heading -->\n\n<!-- wp:paragraph {\"align\":\"center\"} -->\n<p class=\"has-text-align-center\">Particuli\u00e8rement efficace pour l\u2019\u00e9limination, il n\u2019est pas un massage minceur. <\/p>\n<!-- \/wp:paragraph -->\n\n<!-- wp:buttons {\"layout\":{\"type\":\"flex\",\"justifyContent\":\"center\"}} -->\n<div class=\"wp-block-buttons\"><!-- wp:button {\"backgroundColor\":\"vivid-red\",\"style\":{\"typography\":{\"fontSize\":\"14px\"}}} -->\n<div class=\"wp-block-button has-custom-font-size\" style=\"font-size:14px\"><a class=\"wp-block-button__link has-vivid-red-background-color has-background wp-element-button\"><strong>Voir le massage minceur<\/strong><\/a><\/div>\n<!-- \/wp:button --><\/div>\n<!-- \/wp:buttons -->\n\n<!-- wp:paragraph {\"align\":\"center\",\"style\":{\"typography\":{\"fontSize\":\"23px\"},\"elements\":{\"link\":{\"color\":{\"text\":\"var:preset|color|vivid-red\"}}}},\"textColor\":\"vivid-red\"} -->\n<p class=\"has-text-align-center has-vivid-red-color has-text-color has-link-color\" style=\"font-size:23px\"><strong><mark style=\"background-color:rgba(0, 0, 0, 0);color:#cf2e2e\" class=\"has-inline-color\">Contre-indications&nbsp;:<\/mark><\/strong><\/p>\n<!-- \/wp:paragraph -->\n\n<!-- wp:paragraph {\"align\":\"center\"} -->\n<p class=\"has-text-align-center\">1- Grossesse de moins de 3 mois<\/p>\n<!-- \/wp:paragraph -->\n\n<!-- wp:paragraph {\"align\":\"center\"} -->\n<p class=\"has-text-align-center\">2- Pathologies lourdes ( cancer, troubles cardiaques)<\/p>\n<!-- \/wp:paragraph -->\n\n<!-- wp:paragraph {\"align\":\"center\"} -->\n<p class=\"has-text-align-center\">3- Fi\u00e8vre<\/p>\n<!-- \/wp:paragraph -->\n\n<!-- wp:paragraph {\"align\":\"center\"} -->\n<p class=\"has-text-align-center\"><strong>S\u00e9ance d'une heure.<\/strong><\/p>\n<!-- \/wp:paragraph -->\n\n<!-- wp:paragraph {\"align\":\"center\",\"style\":{\"elements\":{\"link\":{\"color\":{\"text\":\"var:preset|color|vivid-red\"}}},\"typography\":{\"fontSize\":\"23px\"}},\"textColor\":\"vivid-red\"} -->\n<p class=\"has-text-align-center has-vivid-red-color has-text-color has-link-color\" style=\"font-size:23px\"><strong><mark style=\"background-color:rgba(0, 0, 0, 0);color:#cf2e2e\" class=\"has-inline-color\">Tout savoir sur le massage lymphatique drainant :<\/mark><\/strong><\/p>\n<!-- \/wp:paragraph -->\n\n<!-- wp:paragraph {\"align\":\"center\"} -->\n<p class=\"has-text-align-center\">Le syst\u00e8me lymphatique, au contraire, du syst\u00e8me sanguin n\u2019est pas pourvu de pompe ( le c\u0153ur ) et c\u2019est gr\u00e2ce \u00e0 nos mouvements et \u00e0 la respiration que la lymphe circule et nous nettoie de nos d\u00e9chets via les ganglions lymphatiques situ\u00e9s au niveau des genoux, de l\u2019aine, des aisselles, etc ..<\/p>\n<!-- \/wp:paragraph -->\n\n<!-- wp:paragraph {\"align\":\"center\"} -->\n<p class=\"has-text-align-center\"><br>La lymphe joue un r\u00f4le pr\u00e9pond\u00e9rant dans le syst\u00e8me immunitaire et nous d\u00e9barrasse des substances pathog\u00e8nes, tels que les virus, les bact\u00e9ries et les diff\u00e9rentes infections.<br>Quand le syst\u00e8me lymphatique est ralenti ou d\u00e9faillant, cela peut cr\u00e9er dans un premier temps un engorgement des tissus, visible au niveau des articulations, ou m\u00eame au niveau des cuisses ou des bras par la cellulite aqueuse, mais aussi des lymph\u0153d\u00e8mes si les ganglions sont bouch\u00e9s. Un tiers des femmes en sont affect\u00e9es.<\/p>\n<!-- \/wp:paragraph -->\n\n<!-- wp:paragraph {\"align\":\"center\"} -->\n<p class=\"has-text-align-center\"><br>C\u2019est pour cela que le Docteur danois Vodder a cr\u00e9e sa m\u00e9thode de drainage lymphatique dans les ann\u00e9es 30. Elle s\u2019appuie sur des mouvements manuels doux en surface, qui reproduisent et accentuent le rythme naturel de la lymphe.<\/p>\n<!-- \/wp:paragraph -->\n\n<!-- wp:paragraph {\"align\":\"center\"} -->\n<p class=\"has-text-align-center\"><br>C\u2019est cette m\u00e9thode qui est aujourd\u2019hui encore utilis\u00e9e dans la r\u00e9cup\u00e9ration post-op\u00e9ratoire, les \u0153d\u00e8mes douloureux ou non, les jambes lourdes, la r\u00e9tention d\u2019eau, les gonflements dus \u00e0 la grossesse, l\u2019acn\u00e9 etc\u2026<\/p>\n<!-- \/wp:paragraph -->\n\n<!-- wp:paragraph {\"align\":\"center\",\"style\":{\"elements\":{\"link\":{\"color\":{\"text\":\"var:preset|color|vivid-red\"}}},\"typography\":{\"fontSize\":\"19px\"}},\"textColor\":\"vivid-red\"} -->\n<p class=\"has-text-align-center has-vivid-red-color has-text-color has-link-color\" style=\"font-size:19px\"><strong><mark style=\"background-color:rgba(0, 0, 0, 0);color:#cf2e2e\" class=\"has-inline-color\">Tarif&nbsp;: 50 euros la s\u00e9ance<br>Package 10 s\u00e9ances&nbsp;: 450 euros<\/mark><\/strong><\/p>\n<!-- \/wp:paragraph -->\n\n<!-- wp:buttons {\"layout\":{\"type\":\"flex\",\"justifyContent\":\"center\"}} -->\n<div class=\"wp-block-buttons\"><!-- wp:button {\"backgroundColor\":\"vivid-red\"} -->\n<div class=\"wp-block-button\"><a class=\"wp-block-button__link has-vivid-red-background-color has-background wp-element-button\" href=\"https:\/\/fleursduzen.com\/index.php\/contacter\/\"><strong>R\u00e9server une s\u00e9ance<\/strong><\/a><\/div>\n<!-- \/wp:button --><\/div>\n<!-- \/wp:buttons -->","_et_gb_content_width":"","footnotes":""},"class_list":["post-957","page","type-page","status-publish","hentry"],"yoast_head":"<!-- This site is optimized with the Yoast SEO plugin v26.6 - https:\/\/yoast.com\/wordpress\/plugins\/seo\/ -->\n<title>Massage lymphatique drainant - Fleurs du Zen<\/title>\n<meta name=\"robots\" content=\"index, follow, max-snippet:-1, max-image-preview:large, max-video-preview:-1\" \/>\n<link rel=\"canonical\" href=\"https:\/\/fleursduzen.com\/index.php\/massage-lymphatique-drainant\/\" \/>\n<meta property=\"og:locale\" content=\"fr_FR\" \/>\n<meta property=\"og:type\" content=\"article\" \/>\n<meta property=\"og:title\" content=\"Massage lymphatique drainant - Fleurs du Zen\" \/>\n<meta property=\"og:description\" content=\"Massage lymphatique drainant Gonflements, jambes lourdes, cernes \u2026 sont caus\u00e9s par la stagnation de la lymphe, le liquide circulatoire le plus abondant du corps humain, qui circule dans son propre r\u00e9seau, compos\u00e9 de capillaires et de vaisseaux. \u00c0 savoir sur la s\u00e9ance : Particuli\u00e8rement efficace pour l\u2019\u00e9limination, il n\u2019est pas un massage minceur. Voir le [&hellip;]\" \/>\n<meta property=\"og:url\" content=\"https:\/\/fleursduzen.com\/index.php\/massage-lymphatique-drainant\/\" \/>\n<meta property=\"og:site_name\" content=\"Fleurs du Zen\" \/>\n<meta property=\"article:modified_time\" content=\"2025-03-25T16:33:18+00:00\" \/>\n<meta property=\"og:image\" content=\"https:\/\/fleursduzen.com\/wp-content\/uploads\/2024\/01\/In-love-with-me-400-x-400-px-1.png\" \/>\n\t<meta property=\"og:image:width\" content=\"400\" \/>\n\t<meta property=\"og:image:height\" content=\"400\" \/>\n\t<meta property=\"og:image:type\" content=\"image\/png\" \/>\n<meta name=\"twitter:card\" content=\"summary_large_image\" \/>\n<meta name=\"twitter:label1\" content=\"Dur\u00e9e de lecture estim\u00e9e\" \/>\n\t<meta name=\"twitter:data1\" content=\"2 minutes\" \/>\n<script type=\"application\/ld+json\" class=\"yoast-schema-graph\">{\"@context\":\"https:\/\/schema.org\",\"@graph\":[{\"@type\":\"WebPage\",\"@id\":\"https:\/\/fleursduzen.com\/index.php\/massage-lymphatique-drainant\/\",\"url\":\"https:\/\/fleursduzen.com\/index.php\/massage-lymphatique-drainant\/\",\"name\":\"Massage lymphatique drainant - Fleurs du Zen\",\"isPartOf\":{\"@id\":\"https:\/\/fleursduzen.com\/#website\"},\"primaryImageOfPage\":{\"@id\":\"https:\/\/fleursduzen.com\/index.php\/massage-lymphatique-drainant\/#primaryimage\"},\"image\":{\"@id\":\"https:\/\/fleursduzen.com\/index.php\/massage-lymphatique-drainant\/#primaryimage\"},\"thumbnailUrl\":\"https:\/\/fleursduzen.com\/wp-content\/uploads\/2024\/01\/In-love-with-me-400-x-400-px-1.png\",\"datePublished\":\"2023-12-30T11:59:10+00:00\",\"dateModified\":\"2025-03-25T16:33:18+00:00\",\"breadcrumb\":{\"@id\":\"https:\/\/fleursduzen.com\/index.php\/massage-lymphatique-drainant\/#breadcrumb\"},\"inLanguage\":\"fr-FR\",\"potentialAction\":[{\"@type\":\"ReadAction\",\"target\":[\"https:\/\/fleursduzen.com\/index.php\/massage-lymphatique-drainant\/\"]}]},{\"@type\":\"ImageObject\",\"inLanguage\":\"fr-FR\",\"@id\":\"https:\/\/fleursduzen.com\/index.php\/massage-lymphatique-drainant\/#primaryimage\",\"url\":\"https:\/\/fleursduzen.com\/wp-content\/uploads\/2024\/01\/In-love-with-me-400-x-400-px-1.png\",\"contentUrl\":\"https:\/\/fleursduzen.com\/wp-content\/uploads\/2024\/01\/In-love-with-me-400-x-400-px-1.png\",\"width\":400,\"height\":400,\"caption\":\"relaxation, massage, d\u00e9tente, Pouzou, masseur, reiki, ayurvedique, masseuse pouzou, massage \u00e0 domicile pouzou, massage pas cher pouzou\"},{\"@type\":\"BreadcrumbList\",\"@id\":\"https:\/\/fleursduzen.com\/index.php\/massage-lymphatique-drainant\/#breadcrumb\",\"itemListElement\":[{\"@type\":\"ListItem\",\"position\":1,\"name\":\"Accueil\",\"item\":\"https:\/\/fleursduzen.com\/\"},{\"@type\":\"ListItem\",\"position\":2,\"name\":\"Massage lymphatique drainant\"}]},{\"@type\":\"WebSite\",\"@id\":\"https:\/\/fleursduzen.com\/#website\",\"url\":\"https:\/\/fleursduzen.com\/\",\"name\":\"Fleurs du Zen\",\"description\":\"\",\"publisher\":{\"@id\":\"https:\/\/fleursduzen.com\/#organization\"},\"potentialAction\":[{\"@type\":\"SearchAction\",\"target\":{\"@type\":\"EntryPoint\",\"urlTemplate\":\"https:\/\/fleursduzen.com\/?s={search_term_string}\"},\"query-input\":{\"@type\":\"PropertyValueSpecification\",\"valueRequired\":true,\"valueName\":\"search_term_string\"}}],\"inLanguage\":\"fr-FR\"},{\"@type\":\"Organization\",\"@id\":\"https:\/\/fleursduzen.com\/#organization\",\"name\":\"Fleurs du Zen\",\"url\":\"https:\/\/fleursduzen.com\/\",\"logo\":{\"@type\":\"ImageObject\",\"inLanguage\":\"fr-FR\",\"@id\":\"https:\/\/fleursduzen.com\/#\/schema\/logo\/image\/\",\"url\":\"https:\/\/fleursduzen.com\/wp-content\/uploads\/2023\/12\/cropped-LOGO-FLEURS-DU-ZEN.png\",\"contentUrl\":\"https:\/\/fleursduzen.com\/wp-content\/uploads\/2023\/12\/cropped-LOGO-FLEURS-DU-ZEN.png\",\"width\":750,\"height\":213,\"caption\":\"Fleurs du Zen\"},\"image\":{\"@id\":\"https:\/\/fleursduzen.com\/#\/schema\/logo\/image\/\"}}]}<\/script>\n<!-- \/ Yoast SEO plugin. -->","yoast_head_json":{"title":"Massage lymphatique drainant - Fleurs du Zen","robots":{"index":"index","follow":"follow","max-snippet":"max-snippet:-1","max-image-preview":"max-image-preview:large","max-video-preview":"max-video-preview:-1"},"canonical":"https:\/\/fleursduzen.com\/index.php\/massage-lymphatique-drainant\/","og_locale":"fr_FR","og_type":"article","og_title":"Massage lymphatique drainant - Fleurs du Zen","og_description":"Massage lymphatique drainant Gonflements, jambes lourdes, cernes \u2026 sont caus\u00e9s par la stagnation de la lymphe, le liquide circulatoire le plus abondant du corps humain, qui circule dans son propre r\u00e9seau, compos\u00e9 de capillaires et de vaisseaux. \u00c0 savoir sur la s\u00e9ance : Particuli\u00e8rement efficace pour l\u2019\u00e9limination, il n\u2019est pas un massage minceur. Voir le [&hellip;]","og_url":"https:\/\/fleursduzen.com\/index.php\/massage-lymphatique-drainant\/","og_site_name":"Fleurs du Zen","article_modified_time":"2025-03-25T16:33:18+00:00","og_image":[{"width":400,"height":400,"url":"https:\/\/fleursduzen.com\/wp-content\/uploads\/2024\/01\/In-love-with-me-400-x-400-px-1.png","type":"image\/png"}],"twitter_card":"summary_large_image","twitter_misc":{"Dur\u00e9e de lecture estim\u00e9e":"2 minutes"},"schema":{"@context":"https:\/\/schema.org","@graph":[{"@type":"WebPage","@id":"https:\/\/fleursduzen.com\/index.php\/massage-lymphatique-drainant\/","url":"https:\/\/fleursduzen.com\/index.php\/massage-lymphatique-drainant\/","name":"Massage lymphatique drainant - Fleurs du Zen","isPartOf":{"@id":"https:\/\/fleursduzen.com\/#website"},"primaryImageOfPage":{"@id":"https:\/\/fleursduzen.com\/index.php\/massage-lymphatique-drainant\/#primaryimage"},"image":{"@id":"https:\/\/fleursduzen.com\/index.php\/massage-lymphatique-drainant\/#primaryimage"},"thumbnailUrl":"https:\/\/fleursduzen.com\/wp-content\/uploads\/2024\/01\/In-love-with-me-400-x-400-px-1.png","datePublished":"2023-12-30T11:59:10+00:00","dateModified":"2025-03-25T16:33:18+00:00","breadcrumb":{"@id":"https:\/\/fleursduzen.com\/index.php\/massage-lymphatique-drainant\/#breadcrumb"},"inLanguage":"fr-FR","potentialAction":[{"@type":"ReadAction","target":["https:\/\/fleursduzen.com\/index.php\/massage-lymphatique-drainant\/"]}]},{"@type":"ImageObject","inLanguage":"fr-FR","@id":"https:\/\/fleursduzen.com\/index.php\/massage-lymphatique-drainant\/#primaryimage","url":"https:\/\/fleursduzen.com\/wp-content\/uploads\/2024\/01\/In-love-with-me-400-x-400-px-1.png","contentUrl":"https:\/\/fleursduzen.com\/wp-content\/uploads\/2024\/01\/In-love-with-me-400-x-400-px-1.png","width":400,"height":400,"caption":"relaxation, massage, d\u00e9tente, Pouzou, masseur, reiki, ayurvedique, masseuse pouzou, massage \u00e0 domicile pouzou, massage pas cher pouzou"},{"@type":"BreadcrumbList","@id":"https:\/\/fleursduzen.com\/index.php\/massage-lymphatique-drainant\/#breadcrumb","itemListElement":[{"@type":"ListItem","position":1,"name":"Accueil","item":"https:\/\/fleursduzen.com\/"},{"@type":"ListItem","position":2,"name":"Massage lymphatique drainant"}]},{"@type":"WebSite","@id":"https:\/\/fleursduzen.com\/#website","url":"https:\/\/fleursduzen.com\/","name":"Fleurs du Zen","description":"","publisher":{"@id":"https:\/\/fleursduzen.com\/#organization"},"potentialAction":[{"@type":"SearchAction","target":{"@type":"EntryPoint","urlTemplate":"https:\/\/fleursduzen.com\/?s={search_term_string}"},"query-input":{"@type":"PropertyValueSpecification","valueRequired":true,"valueName":"search_term_string"}}],"inLanguage":"fr-FR"},{"@type":"Organization","@id":"https:\/\/fleursduzen.com\/#organization","name":"Fleurs du Zen","url":"https:\/\/fleursduzen.com\/","logo":{"@type":"ImageObject","inLanguage":"fr-FR","@id":"https:\/\/fleursduzen.com\/#\/schema\/logo\/image\/","url":"https:\/\/fleursduzen.com\/wp-content\/uploads\/2023\/12\/cropped-LOGO-FLEURS-DU-ZEN.png","contentUrl":"https:\/\/fleursduzen.com\/wp-content\/uploads\/2023\/12\/cropped-LOGO-FLEURS-DU-ZEN.png","width":750,"height":213,"caption":"Fleurs du Zen"},"image":{"@id":"https:\/\/fleursduzen.com\/#\/schema\/logo\/image\/"}}]}},"_links":{"self":[{"href":"https:\/\/fleursduzen.com\/index.php\/wp-json\/wp\/v2\/pages\/957","targetHints":{"allow":["GET"]}}],"collection":[{"href":"https:\/\/fleursduzen.com\/index.php\/wp-json\/wp\/v2\/pages"}],"about":[{"href":"https:\/\/fleursduzen.com\/index.php\/wp-json\/wp\/v2\/types\/page"}],"author":[{"embeddable":true,"href":"https:\/\/fleursduzen.com\/index.php\/wp-json\/wp\/v2\/users\/1"}],"replies":[{"embeddable":true,"href":"https:\/\/fleursduzen.com\/index.php\/wp-json\/wp\/v2\/comments?post=957"}],"version-history":[{"count":7,"href":"https:\/\/fleursduzen.com\/index.php\/wp-json\/wp\/v2\/pages\/957\/revisions"}],"predecessor-version":[{"id":1755,"href":"https:\/\/fleursduzen.com\/index.php\/wp-json\/wp\/v2\/pages\/957\/revisions\/1755"}],"wp:attachment":[{"href":"https:\/\/fleursduzen.com\/index.php\/wp-json\/wp\/v2\/media?parent=957"}],"curies":[{"name":"wp","href":"https:\/\/api.w.org\/{rel}","templated":true}]}}