{"id":90,"date":"2023-12-08T16:52:34","date_gmt":"2023-12-08T15:52:34","guid":{"rendered":"https:\/\/fleursduzen.com\/?page_id=90"},"modified":"2025-03-25T17:29:54","modified_gmt":"2025-03-25T16:29:54","slug":"contacter","status":"publish","type":"page","link":"https:\/\/fleursduzen.com\/index.php\/contacter\/","title":{"rendered":"Contacter"},"content":{"rendered":"[et_pb_section fb_built=\u00a0\u00bb1&Prime; admin_label=\u00a0\u00bbsection\u00a0\u00bb _builder_version=\u00a0\u00bb4.16&Prime; global_colors_info=\u00a0\u00bb{}\u00a0\u00bb][et_pb_row admin_label=\u00a0\u00bbrow\u00a0\u00bb _builder_version=\u00a0\u00bb4.16&Prime; background_size=\u00a0\u00bbinitial\u00a0\u00bb background_position=\u00a0\u00bbtop_left\u00a0\u00bb background_repeat=\u00a0\u00bbrepeat\u00a0\u00bb global_colors_info=\u00a0\u00bb{}\u00a0\u00bb][et_pb_column type=\u00a0\u00bb4_4&Prime; _builder_version=\u00a0\u00bb4.16&Prime; custom_padding=\u00a0\u00bb|||\u00a0\u00bb global_colors_info=\u00a0\u00bb{}\u00a0\u00bb custom_padding__hover=\u00a0\u00bb|||\u00a0\u00bb][et_pb_text admin_label=\u00a0\u00bbText\u00a0\u00bb _builder_version=\u00a0\u00bb4.27.4&Prime; background_size=\u00a0\u00bbinitial\u00a0\u00bb background_position=\u00a0\u00bbtop_left\u00a0\u00bb background_repeat=\u00a0\u00bbrepeat\u00a0\u00bb hover_enabled=\u00a0\u00bb0&Prime; global_colors_info=\u00a0\u00bb{}\u00a0\u00bb text_orientation=\u00a0\u00bbcenter\u00a0\u00bb sticky_enabled=\u00a0\u00bb0&Prime;]<p><\/p>\n<div style=\"height: 11px;\" aria-hidden=\"true\" class=\"wp-block-spacer\"><\/div>\n<p><\/p>\n<p><\/p>\n<p class=\"has-vivid-red-color has-text-color has-link-color wp-elements-003dbff04ed63a1eb1fae1e47ec88fbf\"><strong><mark style=\"background-color: rgba(0, 0, 0, 0); color: #cf2e2e;\" class=\"has-inline-color\">Prendre rendez-vous ou demander des informations :<\/mark><\/strong><\/p>\n<p><\/p>\n<p>Uniquement par t\u00e9l\u00e9phone au : <em><strong>06 70 89 69 93<\/strong><\/em><\/p>\n<p><\/p>\n<p><\/p>\n<p class=\"has-vivid-red-color has-text-color has-link-color wp-elements-a7af02117078177cef4f7219f87c0a6d\"><strong><mark style=\"background-color: rgba(0, 0, 0, 0); color: #cf2e2e;\" class=\"has-inline-color\">Pour toute demande particuli\u00e8re : <\/mark><\/strong><\/p>\n<p><\/p>\n<p><\/p>\n<p class=\"has-black-color has-text-color has-link-color wp-elements-1ddca2c0fab5817eca511b3393147c2b\">M&rsquo;envoyer un mail : <em><strong><a href=\"mailto:Candicedourlen@gmail.com\"><mark style=\"background-color: rgba(0, 0, 0, 0); color: #000000;\" class=\"has-inline-color\">Candicedourlen@gmail.com<\/mark><\/a><\/strong><\/em><\/p>\n<p><\/p>\n<p><\/p>\n<p class=\"has-vivid-red-color has-text-color has-link-color wp-elements-3bb9067ffe66b7c92d0d28bf80b5f0d7\"><strong><mark style=\"background-color: rgba(0, 0, 0, 0); color: #cf2e2e;\" class=\"has-inline-color\">O\u00f9 me retrouver :<\/mark><\/strong><\/p>\n<p><\/p>\n<p>27 rue de l&rsquo;aumage Pouzou 17400 Saint Jean d&rsquo;ang\u00e9ly et alentours<\/p>\n<p><\/p>\n<p>\t\t<div\n            id=\"wpmapblock_2a272759\"\n            data-settings='{&quot;map_marker&quot;:[{&quot;lat&quot;:&quot;45.9940002&quot;,&quot;lng&quot;:&quot;-0.4404663&quot;,&quot;title&quot;:&quot;Lille et alentours&quot;,&quot;content&quot;:&quot;Ou me retrouver&quot;,&quot;iconType&quot;:&quot;default&quot;,&quot;customIconUrl&quot;:&quot;&quot;,&quot;customIconWidth&quot;:&quot;25&quot;,&quot;customIconHeight&quot;:&quot;40&quot;}],&quot;map_zoom&quot;:&quot;15&quot;,&quot;scroll_wheel_zoom&quot;:&quot;1&quot;,&quot;map_type&quot;:&quot;GM&quot;,&quot;center_index&quot;:0}'\n            class=\"wpmapblockrender\"\n            style=\"\n\t\t\twidth: 100%;\n\t\t\theight: 500px;\n\t\t\"\n            >\n        <\/div>\n        <\/p>[\/et_pb_text][\/et_pb_column][\/et_pb_row][\/et_pb_section]","protected":false},"excerpt":{"rendered":"<p>Prendre rendez-vous ou demander des informations : Uniquement par t\u00e9l\u00e9phone au : 06 70 89 69 93 Pour toute demande particuli\u00e8re : M&rsquo;envoyer un mail : Candicedourlen@gmail.com O\u00f9 me retrouver : 27 rue de l&rsquo;aumage Pouzou 17400 Saint Jean d&rsquo;ang\u00e9ly et alentours<\/p>\n","protected":false},"author":1,"featured_media":0,"parent":0,"menu_order":0,"comment_status":"closed","ping_status":"closed","template":"","meta":{"_et_pb_use_builder":"on","_et_pb_old_content":"<!-- wp:spacer {\"height\":\"11px\"} -->\n<div style=\"height:11px\" aria-hidden=\"true\" class=\"wp-block-spacer\"><\/div>\n<!-- \/wp:spacer -->\n\n<!-- wp:paragraph {\"style\":{\"elements\":{\"link\":{\"color\":{\"text\":\"var:preset|color|vivid-red\"}}}},\"textColor\":\"vivid-red\"} -->\n<p class=\"has-vivid-red-color has-text-color has-link-color\"><strong><mark style=\"background-color:rgba(0, 0, 0, 0);color:#cf2e2e\" class=\"has-inline-color\">Prendre rendez-vous ou demander des informations :<\/mark><\/strong><\/p>\n<!-- \/wp:paragraph -->\n\n<!-- wp:paragraph -->\n<p>Uniquement par t\u00e9l\u00e9phone au : <em><strong>06 70 89 69 93<\/strong><\/em><\/p>\n<!-- \/wp:paragraph -->\n\n<!-- wp:paragraph {\"style\":{\"elements\":{\"link\":{\"color\":{\"text\":\"var:preset|color|vivid-red\"}}}},\"textColor\":\"vivid-red\"} -->\n<p class=\"has-vivid-red-color has-text-color has-link-color\"><strong><mark style=\"background-color:rgba(0, 0, 0, 0);color:#cf2e2e\" class=\"has-inline-color\">Pour toute demande particuli\u00e8re : <\/mark><\/strong><\/p>\n<!-- \/wp:paragraph -->\n\n<!-- wp:paragraph {\"style\":{\"elements\":{\"link\":{\"color\":{\"text\":\"var:preset|color|black\"}}}},\"textColor\":\"black\"} -->\n<p class=\"has-black-color has-text-color has-link-color\">M'envoyer un mail : <em><strong><a href=\"mailto:Candicedourlen@gmail.com\"><mark style=\"background-color:rgba(0, 0, 0, 0);color:#000000\" class=\"has-inline-color\">Candicedourlen@gmail.com<\/mark><\/a><\/strong><\/em><\/p>\n<!-- \/wp:paragraph -->\n\n<!-- wp:paragraph {\"style\":{\"elements\":{\"link\":{\"color\":{\"text\":\"var:preset|color|vivid-red\"}}}},\"textColor\":\"vivid-red\"} -->\n<p class=\"has-vivid-red-color has-text-color has-link-color\"><strong><mark style=\"background-color:rgba(0, 0, 0, 0);color:#cf2e2e\" class=\"has-inline-color\">O\u00f9 me retrouver :<\/mark><\/strong><\/p>\n<!-- \/wp:paragraph -->\n\n<!-- wp:paragraph -->\n<p>27 rue de l'aumage Pouzou 17400 Saint Jean d'ang\u00e9ly et alentours<\/p>\n<!-- \/wp:paragraph -->\n\n<!-- wp:wpmapblock\/wp-map-block {\"map_id\":\"wpmapblock_2a272759\",\"map_marker_list\":[{\"lat\":\"45.9940002\",\"lng\":\"-0.4404663\",\"title\":\"Lille et alentours\",\"content\":\"Ou me retrouver\",\"iconType\":\"default\",\"customIconUrl\":\"\",\"customIconWidth\":25,\"customIconHeight\":40}],\"map_zoom\":15,\"scroll_wheel_zoom\":true} \/-->","_et_gb_content_width":"","footnotes":""},"class_list":["post-90","page","type-page","status-publish","hentry"],"yoast_head":"<!-- This site is optimized with the Yoast SEO plugin v26.6 - https:\/\/yoast.com\/wordpress\/plugins\/seo\/ -->\n<title>Contacter - Fleurs du Zen<\/title>\n<meta name=\"robots\" content=\"index, follow, max-snippet:-1, max-image-preview:large, max-video-preview:-1\" \/>\n<link rel=\"canonical\" href=\"https:\/\/fleursduzen.com\/index.php\/contacter\/\" \/>\n<meta property=\"og:locale\" content=\"fr_FR\" \/>\n<meta property=\"og:type\" content=\"article\" \/>\n<meta property=\"og:title\" content=\"Contacter - Fleurs du Zen\" \/>\n<meta property=\"og:description\" content=\"Prendre rendez-vous ou demander des informations : Uniquement par t\u00e9l\u00e9phone au : 06 70 89 69 93 Pour toute demande particuli\u00e8re : M&#039;envoyer un mail : Candicedourlen@gmail.com O\u00f9 me retrouver : 27 rue de l&#039;aumage Pouzou 17400 Saint Jean d&#039;ang\u00e9ly et alentours\" \/>\n<meta property=\"og:url\" content=\"https:\/\/fleursduzen.com\/index.php\/contacter\/\" \/>\n<meta property=\"og:site_name\" content=\"Fleurs du Zen\" \/>\n<meta property=\"article:modified_time\" content=\"2025-03-25T16:29:54+00:00\" \/>\n<meta name=\"twitter:card\" content=\"summary_large_image\" \/>\n<meta name=\"twitter:label1\" content=\"Dur\u00e9e de lecture estim\u00e9e\" \/>\n\t<meta name=\"twitter:data1\" content=\"1 minute\" \/>\n<script type=\"application\/ld+json\" class=\"yoast-schema-graph\">{\"@context\":\"https:\/\/schema.org\",\"@graph\":[{\"@type\":\"WebPage\",\"@id\":\"https:\/\/fleursduzen.com\/index.php\/contacter\/\",\"url\":\"https:\/\/fleursduzen.com\/index.php\/contacter\/\",\"name\":\"Contacter - Fleurs du Zen\",\"isPartOf\":{\"@id\":\"https:\/\/fleursduzen.com\/#website\"},\"datePublished\":\"2023-12-08T15:52:34+00:00\",\"dateModified\":\"2025-03-25T16:29:54+00:00\",\"breadcrumb\":{\"@id\":\"https:\/\/fleursduzen.com\/index.php\/contacter\/#breadcrumb\"},\"inLanguage\":\"fr-FR\",\"potentialAction\":[{\"@type\":\"ReadAction\",\"target\":[\"https:\/\/fleursduzen.com\/index.php\/contacter\/\"]}]},{\"@type\":\"BreadcrumbList\",\"@id\":\"https:\/\/fleursduzen.com\/index.php\/contacter\/#breadcrumb\",\"itemListElement\":[{\"@type\":\"ListItem\",\"position\":1,\"name\":\"Accueil\",\"item\":\"https:\/\/fleursduzen.com\/\"},{\"@type\":\"ListItem\",\"position\":2,\"name\":\"Contacter\"}]},{\"@type\":\"WebSite\",\"@id\":\"https:\/\/fleursduzen.com\/#website\",\"url\":\"https:\/\/fleursduzen.com\/\",\"name\":\"Fleurs du Zen\",\"description\":\"\",\"publisher\":{\"@id\":\"https:\/\/fleursduzen.com\/#organization\"},\"potentialAction\":[{\"@type\":\"SearchAction\",\"target\":{\"@type\":\"EntryPoint\",\"urlTemplate\":\"https:\/\/fleursduzen.com\/?s={search_term_string}\"},\"query-input\":{\"@type\":\"PropertyValueSpecification\",\"valueRequired\":true,\"valueName\":\"search_term_string\"}}],\"inLanguage\":\"fr-FR\"},{\"@type\":\"Organization\",\"@id\":\"https:\/\/fleursduzen.com\/#organization\",\"name\":\"Fleurs du Zen\",\"url\":\"https:\/\/fleursduzen.com\/\",\"logo\":{\"@type\":\"ImageObject\",\"inLanguage\":\"fr-FR\",\"@id\":\"https:\/\/fleursduzen.com\/#\/schema\/logo\/image\/\",\"url\":\"https:\/\/fleursduzen.com\/wp-content\/uploads\/2023\/12\/cropped-LOGO-FLEURS-DU-ZEN.png\",\"contentUrl\":\"https:\/\/fleursduzen.com\/wp-content\/uploads\/2023\/12\/cropped-LOGO-FLEURS-DU-ZEN.png\",\"width\":750,\"height\":213,\"caption\":\"Fleurs du Zen\"},\"image\":{\"@id\":\"https:\/\/fleursduzen.com\/#\/schema\/logo\/image\/\"}}]}<\/script>\n<!-- \/ Yoast SEO plugin. -->","yoast_head_json":{"title":"Contacter - Fleurs du Zen","robots":{"index":"index","follow":"follow","max-snippet":"max-snippet:-1","max-image-preview":"max-image-preview:large","max-video-preview":"max-video-preview:-1"},"canonical":"https:\/\/fleursduzen.com\/index.php\/contacter\/","og_locale":"fr_FR","og_type":"article","og_title":"Contacter - Fleurs du Zen","og_description":"Prendre rendez-vous ou demander des informations : Uniquement par t\u00e9l\u00e9phone au : 06 70 89 69 93 Pour toute demande particuli\u00e8re : M'envoyer un mail : Candicedourlen@gmail.com O\u00f9 me retrouver : 27 rue de l'aumage Pouzou 17400 Saint Jean d'ang\u00e9ly et alentours","og_url":"https:\/\/fleursduzen.com\/index.php\/contacter\/","og_site_name":"Fleurs du Zen","article_modified_time":"2025-03-25T16:29:54+00:00","twitter_card":"summary_large_image","twitter_misc":{"Dur\u00e9e de lecture estim\u00e9e":"1 minute"},"schema":{"@context":"https:\/\/schema.org","@graph":[{"@type":"WebPage","@id":"https:\/\/fleursduzen.com\/index.php\/contacter\/","url":"https:\/\/fleursduzen.com\/index.php\/contacter\/","name":"Contacter - Fleurs du Zen","isPartOf":{"@id":"https:\/\/fleursduzen.com\/#website"},"datePublished":"2023-12-08T15:52:34+00:00","dateModified":"2025-03-25T16:29:54+00:00","breadcrumb":{"@id":"https:\/\/fleursduzen.com\/index.php\/contacter\/#breadcrumb"},"inLanguage":"fr-FR","potentialAction":[{"@type":"ReadAction","target":["https:\/\/fleursduzen.com\/index.php\/contacter\/"]}]},{"@type":"BreadcrumbList","@id":"https:\/\/fleursduzen.com\/index.php\/contacter\/#breadcrumb","itemListElement":[{"@type":"ListItem","position":1,"name":"Accueil","item":"https:\/\/fleursduzen.com\/"},{"@type":"ListItem","position":2,"name":"Contacter"}]},{"@type":"WebSite","@id":"https:\/\/fleursduzen.com\/#website","url":"https:\/\/fleursduzen.com\/","name":"Fleurs du Zen","description":"","publisher":{"@id":"https:\/\/fleursduzen.com\/#organization"},"potentialAction":[{"@type":"SearchAction","target":{"@type":"EntryPoint","urlTemplate":"https:\/\/fleursduzen.com\/?s={search_term_string}"},"query-input":{"@type":"PropertyValueSpecification","valueRequired":true,"valueName":"search_term_string"}}],"inLanguage":"fr-FR"},{"@type":"Organization","@id":"https:\/\/fleursduzen.com\/#organization","name":"Fleurs du Zen","url":"https:\/\/fleursduzen.com\/","logo":{"@type":"ImageObject","inLanguage":"fr-FR","@id":"https:\/\/fleursduzen.com\/#\/schema\/logo\/image\/","url":"https:\/\/fleursduzen.com\/wp-content\/uploads\/2023\/12\/cropped-LOGO-FLEURS-DU-ZEN.png","contentUrl":"https:\/\/fleursduzen.com\/wp-content\/uploads\/2023\/12\/cropped-LOGO-FLEURS-DU-ZEN.png","width":750,"height":213,"caption":"Fleurs du Zen"},"image":{"@id":"https:\/\/fleursduzen.com\/#\/schema\/logo\/image\/"}}]}},"_links":{"self":[{"href":"https:\/\/fleursduzen.com\/index.php\/wp-json\/wp\/v2\/pages\/90","targetHints":{"allow":["GET"]}}],"collection":[{"href":"https:\/\/fleursduzen.com\/index.php\/wp-json\/wp\/v2\/pages"}],"about":[{"href":"https:\/\/fleursduzen.com\/index.php\/wp-json\/wp\/v2\/types\/page"}],"author":[{"embeddable":true,"href":"https:\/\/fleursduzen.com\/index.php\/wp-json\/wp\/v2\/users\/1"}],"replies":[{"embeddable":true,"href":"https:\/\/fleursduzen.com\/index.php\/wp-json\/wp\/v2\/comments?post=90"}],"version-history":[{"count":13,"href":"https:\/\/fleursduzen.com\/index.php\/wp-json\/wp\/v2\/pages\/90\/revisions"}],"predecessor-version":[{"id":1747,"href":"https:\/\/fleursduzen.com\/index.php\/wp-json\/wp\/v2\/pages\/90\/revisions\/1747"}],"wp:attachment":[{"href":"https:\/\/fleursduzen.com\/index.php\/wp-json\/wp\/v2\/media?parent=90"}],"curies":[{"name":"wp","href":"https:\/\/api.w.org\/{rel}","templated":true}]}}