{"id":588,"date":"2023-12-14T18:08:02","date_gmt":"2023-12-14T17:08:02","guid":{"rendered":"https:\/\/fleursduzen.com\/?page_id=588"},"modified":"2025-03-24T11:30:31","modified_gmt":"2025-03-24T10:30:31","slug":"massage-thai","status":"publish","type":"page","link":"https:\/\/fleursduzen.com\/index.php\/massage-thai\/","title":{"rendered":"Massage Tha\u00ef"},"content":{"rendered":"[et_pb_section fb_built=\u00a0\u00bb1&Prime; admin_label=\u00a0\u00bbsection\u00a0\u00bb _builder_version=\u00a0\u00bb4.16&Prime; global_colors_info=\u00a0\u00bb{}\u00a0\u00bb custom_padding=\u00a0\u00bb||0px|||\u00a0\u00bb][et_pb_row admin_label=\u00a0\u00bbrow\u00a0\u00bb _builder_version=\u00a0\u00bb4.16&Prime; background_size=\u00a0\u00bbinitial\u00a0\u00bb background_position=\u00a0\u00bbtop_left\u00a0\u00bb background_repeat=\u00a0\u00bbrepeat\u00a0\u00bb global_colors_info=\u00a0\u00bb{}\u00a0\u00bb][et_pb_column type=\u00a0\u00bb4_4&Prime; _builder_version=\u00a0\u00bb4.16&Prime; custom_padding=\u00a0\u00bb|||\u00a0\u00bb global_colors_info=\u00a0\u00bb{}\u00a0\u00bb custom_padding__hover=\u00a0\u00bb|||\u00a0\u00bb][et_pb_text admin_label=\u00a0\u00bbText\u00a0\u00bb _builder_version=\u00a0\u00bb4.27.4&Prime; background_size=\u00a0\u00bbinitial\u00a0\u00bb background_position=\u00a0\u00bbtop_left\u00a0\u00bb background_repeat=\u00a0\u00bbrepeat\u00a0\u00bb hover_enabled=\u00a0\u00bb0&Prime; global_colors_info=\u00a0\u00bb{}\u00a0\u00bb text_orientation=\u00a0\u00bbcenter\u00a0\u00bb sticky_enabled=\u00a0\u00bb0&Prime;]<p><\/p>\n<h1 class=\"wp-block-heading has-text-align-center has-vivid-red-color has-text-color has-link-color wp-elements-fafefc28b8e5bac3a3961c17a0d67c67\" style=\"font-size: 32px;\"><mark style=\"background-color: rgba(0, 0, 0, 0); color: #cf2e2e;\" class=\"has-inline-color\">Massage Thai<\/mark><\/h1>\n<p><\/p>\n<p><\/p>\n<figure class=\"wp-block-image aligncenter size-full is-resized\"><img loading=\"lazy\" decoding=\"async\" width=\"400\" height=\"400\" src=\"https:\/\/fleursduzen.com\/wp-content\/uploads\/2024\/01\/In-love-with-me-400-x-400-px-2.png\" alt=\"Massage d\u00e9tente Lille S\u00e9ance de massage relaxant Massoth\u00e9rapie Lille Bienfaits du massage d\u00e9tente Relaxation corporelle \u00e0 Lille Massage apaisant Lille Soin du corps relaxant Techniques de relaxation musculaire Centre de bien-\u00eatre Lille Th\u00e9rapie de relaxation Massage anti-stress \u00e0 Lille Massage de d\u00e9tente profonde Bien-\u00eatre physique et mental Pause d\u00e9tente Lille Massage californien Lille S\u00e9ance de relaxation totale Massage d\u00e9stressant \u00e0 Lille Soin relaxant du dos Massage global du corps Centre de massage bien-\u00eatre Lille\" class=\"wp-image-1221\" style=\"width: 116px; height: auto;\" srcset=\"https:\/\/fleursduzen.com\/wp-content\/uploads\/2024\/01\/In-love-with-me-400-x-400-px-2.png 400w, https:\/\/fleursduzen.com\/wp-content\/uploads\/2024\/01\/In-love-with-me-400-x-400-px-2-300x300.png 300w, https:\/\/fleursduzen.com\/wp-content\/uploads\/2024\/01\/In-love-with-me-400-x-400-px-2-150x150.png 150w\" sizes=\"(max-width: 400px) 100vw, 400px\" \/><\/figure>\n<p><\/p>\n<p><\/p>\n<div style=\"height: 7px;\" aria-hidden=\"true\" class=\"wp-block-spacer\"><\/div>\n<p><\/p>\n<p><\/p>\n<h2 class=\"wp-block-heading has-text-align-center has-vivid-red-color has-text-color has-link-color wp-elements-b62e946711db705f7f8c8cd2964e187d\"><strong><mark style=\"background-color: rgba(0, 0, 0, 0); color: #cf2e2e;\" class=\"has-inline-color\">Pourquoi le massage Thai ?<\/mark><\/strong><\/h2>\n<p><\/p>\n<p><\/p>\n<p class=\"has-text-align-center\" id=\"E64\">Si vous avez d\u00e9j\u00e0 re\u00e7u un massage tha\u00ef en Tha\u00eflande et une fois revenu en France, vous vous pr\u00e9cipitez chez l\u2019ost\u00e9opathe, c\u2019\u00e9tait certainement un massage de Bangkok comme nous disait le ma\u00eetre de l\u2019\u00e9cole ITM \u00e0 Chang Mai, c\u2019est-\u00e0-dire un massage appuy\u00e9 et \u00e9nergique.<\/p>\n<p><\/p>\n<p><\/p>\n<p class=\"has-text-align-center\" id=\"E70\">Si au contraire vous recherchez un massage qui vous permet de faire baisser la pression, de d\u00e9nouer les blocages, et de r\u00e9duire l\u2019anxi\u00e9t\u00e9, le massage traditionnel de Chang Mai \u00ab\u00a0Nuad Bo-Rarn\u00a0\u00bb est fait pour vous.<\/p>\n<p><\/p>\n<p><\/p>\n<p class=\"has-text-align-center\" id=\"E82\">Il s\u2019appuie notamment sur un savoir-faire ancestral, pratiqu\u00e9 dans les familles tha\u00eflandaises, afin de pr\u00e9server la sant\u00e9 par l\u2019optimisation de la circulation du sang, des syst\u00e8mes digestif et nerveux.<\/p>\n<p><\/p>\n<p><\/p>\n<p class=\"has-text-align-center\" id=\"E84\">Le Nuad-Bo-Rarn est bas\u00e9 sur la m\u00e9ditation, le travail \u00e9nerg\u00e9tique et les \u00e9tirements passifs. Il est pratiqu\u00e9 sur futon, en pantalon souple\/ legging et tee-shirt.<\/p>\n<p><\/p>\n<p><\/p>\n<p class=\"has-text-align-center has-vivid-red-color has-text-color has-link-color wp-elements-0f44e2727a48baee7b3b1cf9b4a6f76d\"><strong><mark style=\"background-color: rgba(0, 0, 0, 0); color: #cf2e2e;\" class=\"has-inline-color\">Tarif : 70\u20ac la s\u00e9ance d&rsquo;une heure<\/mark><\/strong><\/p>\n<div class=\"wp-block-buttons\">\n<p><\/p>\n<\/div>\n<p><!-- \/wp:post-content --><\/p>[\/et_pb_text][\/et_pb_column][\/et_pb_row][\/et_pb_section][et_pb_section fb_built=\u00a0\u00bb1&Prime; theme_builder_area=\u00a0\u00bbpost_content\u00a0\u00bb _builder_version=\u00a0\u00bb4.27.4&Prime; _module_preset=\u00a0\u00bbdefault\u00a0\u00bb][et_pb_row _builder_version=\u00a0\u00bb4.27.4&Prime; _module_preset=\u00a0\u00bbdefault\u00a0\u00bb locked=\u00a0\u00bboff\u00a0\u00bb theme_builder_area=\u00a0\u00bbpost_content\u00a0\u00bb custom_margin=\u00a0\u00bb-51px|auto||auto||\u00a0\u00bb][et_pb_column _builder_version=\u00a0\u00bb4.27.4&Prime; _module_preset=\u00a0\u00bbdefault\u00a0\u00bb type=\u00a0\u00bb4_4&Prime; theme_builder_area=\u00a0\u00bbpost_content\u00a0\u00bb][et_pb_button button_text=\u00a0\u00bbR\u00e9server une s\u00e9ance\u00a0\u00bb _builder_version=\u00a0\u00bb4.27.4&Prime; _module_preset=\u00a0\u00bbdefault\u00a0\u00bb hover_enabled=\u00a0\u00bb0&Prime; sticky_enabled=\u00a0\u00bb0&Prime; button_alignment=\u00a0\u00bbcenter\u00a0\u00bb custom_button=\u00a0\u00bbon\u00a0\u00bb global_colors_info=\u00a0\u00bb{%22gcid-fc7afca1-7302-4e55-829d-3d445387c282%22:%91%22button_text_color%22%93,%22gcid-828f95dd-785d-4eed-a59b-be72bd41d779%22:%91%22button_bg_color%22%93}\u00a0\u00bb button_text_color=\u00a0\u00bbgcid-fc7afca1-7302-4e55-829d-3d445387c282&Prime; button_bg_color=\u00a0\u00bbgcid-828f95dd-785d-4eed-a59b-be72bd41d779&Prime; button_bg_enable_color=\u00a0\u00bbon\u00a0\u00bb button_border_width=\u00a0\u00bb0px\u00a0\u00bb button_font=\u00a0\u00bbAlike|700|||||||\u00a0\u00bb button_text_size=\u00a0\u00bb17px\u00a0\u00bb custom_margin=\u00a0\u00bb-31px|||||\u00a0\u00bb button_url=\u00a0\u00bb@ET-DC@eyJkeW5hbWljIjp0cnVlLCJjb250ZW50IjoicG9zdF9saW5rX3VybF9wYWdlIiwic2V0dGluZ3MiOnsicG9zdF9pZCI6IjkwIn19@\u00a0\u00bb _dynamic_attributes=\u00a0\u00bbbutton_url\u00a0\u00bb theme_builder_area=\u00a0\u00bbpost_content\u00a0\u00bb][\/et_pb_button][\/et_pb_column][\/et_pb_row][\/et_pb_section]","protected":false},"excerpt":{"rendered":"<p>Massage Thai Pourquoi le massage Thai ? Si vous avez d\u00e9j\u00e0 re\u00e7u un massage tha\u00ef en Tha\u00eflande et une fois revenu en France, vous vous pr\u00e9cipitez chez l\u2019ost\u00e9opathe, c\u2019\u00e9tait certainement un massage de Bangkok comme nous disait le ma\u00eetre de l\u2019\u00e9cole ITM \u00e0 Chang Mai, c\u2019est-\u00e0-dire un massage appuy\u00e9 et \u00e9nergique. Si au contraire vous [&hellip;]<\/p>\n","protected":false},"author":1,"featured_media":0,"parent":0,"menu_order":0,"comment_status":"closed","ping_status":"closed","template":"","meta":{"_et_pb_use_builder":"on","_et_pb_old_content":"<!-- wp:heading {\"textAlign\":\"center\",\"level\":1,\"style\":{\"elements\":{\"link\":{\"color\":{\"text\":\"var:preset|color|vivid-red\"}}},\"typography\":{\"fontSize\":\"32px\"}},\"textColor\":\"vivid-red\"} -->\n<h1 class=\"wp-block-heading has-text-align-center has-vivid-red-color has-text-color has-link-color\" style=\"font-size:32px\"><mark style=\"background-color:rgba(0, 0, 0, 0);color:#cf2e2e\" class=\"has-inline-color\">Massage Thai<\/mark><\/h1>\n<!-- \/wp:heading -->\n\n<!-- wp:image {\"align\":\"center\",\"id\":1221,\"width\":\"116px\",\"height\":\"auto\",\"sizeSlug\":\"full\",\"linkDestination\":\"none\"} -->\n<figure class=\"wp-block-image aligncenter size-full is-resized\"><img src=\"https:\/\/fleursduzen.com\/wp-content\/uploads\/2024\/01\/In-love-with-me-400-x-400-px-2.png\" alt=\"Massage d\u00e9tente Lille\nS\u00e9ance de massage relaxant\nMassoth\u00e9rapie Lille\nBienfaits du massage d\u00e9tente\nRelaxation corporelle \u00e0 Lille\nMassage apaisant Lille\nSoin du corps relaxant\nTechniques de relaxation musculaire\nCentre de bien-\u00eatre Lille\nTh\u00e9rapie de relaxation\nMassage anti-stress \u00e0 Lille\nMassage de d\u00e9tente profonde\nBien-\u00eatre physique et mental\nPause d\u00e9tente Lille\nMassage californien Lille\nS\u00e9ance de relaxation totale\nMassage d\u00e9stressant \u00e0 Lille\nSoin relaxant du dos\nMassage global du corps\nCentre de massage bien-\u00eatre Lille\" class=\"wp-image-1221\" style=\"width:116px;height:auto\"\/><\/figure>\n<!-- \/wp:image -->\n\n<!-- wp:spacer {\"height\":\"7px\"} -->\n<div style=\"height:7px\" aria-hidden=\"true\" class=\"wp-block-spacer\"><\/div>\n<!-- \/wp:spacer -->\n\n<!-- wp:heading {\"textAlign\":\"center\",\"style\":{\"elements\":{\"link\":{\"color\":{\"text\":\"var:preset|color|vivid-red\"}}}},\"textColor\":\"vivid-red\"} -->\n<h2 class=\"wp-block-heading has-text-align-center has-vivid-red-color has-text-color has-link-color\"><strong><mark style=\"background-color:rgba(0, 0, 0, 0);color:#cf2e2e\" class=\"has-inline-color\">Pourquoi le massage Thai ?<\/mark><\/strong><\/h2>\n<!-- \/wp:heading -->\n\n<!-- wp:paragraph {\"align\":\"center\"} -->\n<p class=\"has-text-align-center\" id=\"E64\">Si vous avez d\u00e9j\u00e0 re\u00e7u un massage tha\u00ef en Tha\u00eflande et une fois revenu en France, vous vous pr\u00e9cipitez chez l\u2019ost\u00e9opathe, c\u2019\u00e9tait certainement un massage de Bangkok comme nous disait le ma\u00eetre de l\u2019\u00e9cole ITM \u00e0 Chang Mai, c\u2019est-\u00e0-dire un massage appuy\u00e9 et \u00e9nergique.<\/p>\n<!-- \/wp:paragraph -->\n\n<!-- wp:paragraph {\"align\":\"center\"} -->\n<p class=\"has-text-align-center\" id=\"E70\">Si au contraire vous recherchez un massage qui vous permet de faire baisser la pression, de d\u00e9nouer les blocages, et de r\u00e9duire l\u2019anxi\u00e9t\u00e9, le massage traditionnel de Chang Mai \u00ab&nbsp;Nuad Bo-Rarn&nbsp;\u00bb est fait pour vous.<\/p>\n<!-- \/wp:paragraph -->\n\n<!-- wp:paragraph {\"align\":\"center\"} -->\n<p class=\"has-text-align-center\" id=\"E82\">Il s\u2019appuie notamment sur un savoir-faire ancestral, pratiqu\u00e9 dans les familles tha\u00eflandaises, afin de pr\u00e9server la sant\u00e9 par l\u2019optimisation de la circulation du sang, des syst\u00e8mes digestif et nerveux.<\/p>\n<!-- \/wp:paragraph -->\n\n<!-- wp:paragraph {\"align\":\"center\"} -->\n<p class=\"has-text-align-center\" id=\"E84\">Le Nuad-Bo-Rarn est bas\u00e9 sur la m\u00e9ditation, le travail \u00e9nerg\u00e9tique et les \u00e9tirements passifs. Il est pratiqu\u00e9 sur futon, en pantalon souple\/ legging et tee-shirt.<\/p>\n<!-- \/wp:paragraph -->\n\n<!-- wp:paragraph {\"align\":\"center\",\"style\":{\"elements\":{\"link\":{\"color\":{\"text\":\"var:preset|color|vivid-red\"}}}},\"textColor\":\"vivid-red\"} -->\n<p class=\"has-text-align-center has-vivid-red-color has-text-color has-link-color\"><strong><mark style=\"background-color:rgba(0, 0, 0, 0);color:#cf2e2e\" class=\"has-inline-color\">Tarif : 70\u20ac la s\u00e9ance d'une heure<\/mark><\/strong><\/p>\n<!-- \/wp:paragraph -->\n\n<!-- wp:spacer {\"height\":\"15px\"} -->\n<div style=\"height:15px\" aria-hidden=\"true\" class=\"wp-block-spacer\"><\/div>\n<!-- \/wp:spacer -->\n\n<!-- wp:buttons {\"layout\":{\"type\":\"flex\",\"justifyContent\":\"center\"}} -->\n<div class=\"wp-block-buttons\"><!-- wp:button {\"backgroundColor\":\"vivid-red\"} -->\n<div class=\"wp-block-button\"><a class=\"wp-block-button__link has-vivid-red-background-color has-background wp-element-button\" href=\"https:\/\/fleursduzen.com\/index.php\/contacter\/\"><strong>R\u00e9server une s\u00e9ance<\/strong><\/a><\/div>\n<!-- \/wp:button --><\/div>\n<!-- \/wp:buttons -->","_et_gb_content_width":"","footnotes":""},"class_list":["post-588","page","type-page","status-publish","hentry"],"yoast_head":"<!-- This site is optimized with the Yoast SEO plugin v26.6 - https:\/\/yoast.com\/wordpress\/plugins\/seo\/ -->\n<title>Massage Tha\u00ef - Fleurs du Zen<\/title>\n<meta name=\"robots\" content=\"index, follow, max-snippet:-1, max-image-preview:large, max-video-preview:-1\" \/>\n<link rel=\"canonical\" href=\"https:\/\/fleursduzen.com\/index.php\/massage-thai\/\" \/>\n<meta property=\"og:locale\" content=\"fr_FR\" \/>\n<meta property=\"og:type\" content=\"article\" \/>\n<meta property=\"og:title\" content=\"Massage Tha\u00ef - Fleurs du Zen\" \/>\n<meta property=\"og:description\" content=\"Massage Thai Pourquoi le massage Thai ? Si vous avez d\u00e9j\u00e0 re\u00e7u un massage tha\u00ef en Tha\u00eflande et une fois revenu en France, vous vous pr\u00e9cipitez chez l\u2019ost\u00e9opathe, c\u2019\u00e9tait certainement un massage de Bangkok comme nous disait le ma\u00eetre de l\u2019\u00e9cole ITM \u00e0 Chang Mai, c\u2019est-\u00e0-dire un massage appuy\u00e9 et \u00e9nergique. Si au contraire vous [&hellip;]\" \/>\n<meta property=\"og:url\" content=\"https:\/\/fleursduzen.com\/index.php\/massage-thai\/\" \/>\n<meta property=\"og:site_name\" content=\"Fleurs du Zen\" \/>\n<meta property=\"article:modified_time\" content=\"2025-03-24T10:30:31+00:00\" \/>\n<meta property=\"og:image\" content=\"https:\/\/fleursduzen.com\/wp-content\/uploads\/2024\/01\/In-love-with-me-400-x-400-px-2.png\" \/>\n\t<meta property=\"og:image:width\" content=\"400\" \/>\n\t<meta property=\"og:image:height\" content=\"400\" \/>\n\t<meta property=\"og:image:type\" content=\"image\/png\" \/>\n<meta name=\"twitter:card\" content=\"summary_large_image\" \/>\n<meta name=\"twitter:label1\" content=\"Dur\u00e9e de lecture estim\u00e9e\" \/>\n\t<meta name=\"twitter:data1\" content=\"2 minutes\" \/>\n<script type=\"application\/ld+json\" class=\"yoast-schema-graph\">{\"@context\":\"https:\/\/schema.org\",\"@graph\":[{\"@type\":\"WebPage\",\"@id\":\"https:\/\/fleursduzen.com\/index.php\/massage-thai\/\",\"url\":\"https:\/\/fleursduzen.com\/index.php\/massage-thai\/\",\"name\":\"Massage Tha\u00ef - Fleurs du Zen\",\"isPartOf\":{\"@id\":\"https:\/\/fleursduzen.com\/#website\"},\"primaryImageOfPage\":{\"@id\":\"https:\/\/fleursduzen.com\/index.php\/massage-thai\/#primaryimage\"},\"image\":{\"@id\":\"https:\/\/fleursduzen.com\/index.php\/massage-thai\/#primaryimage\"},\"thumbnailUrl\":\"https:\/\/fleursduzen.com\/wp-content\/uploads\/2024\/01\/In-love-with-me-400-x-400-px-2.png\",\"datePublished\":\"2023-12-14T17:08:02+00:00\",\"dateModified\":\"2025-03-24T10:30:31+00:00\",\"breadcrumb\":{\"@id\":\"https:\/\/fleursduzen.com\/index.php\/massage-thai\/#breadcrumb\"},\"inLanguage\":\"fr-FR\",\"potentialAction\":[{\"@type\":\"ReadAction\",\"target\":[\"https:\/\/fleursduzen.com\/index.php\/massage-thai\/\"]}]},{\"@type\":\"ImageObject\",\"inLanguage\":\"fr-FR\",\"@id\":\"https:\/\/fleursduzen.com\/index.php\/massage-thai\/#primaryimage\",\"url\":\"https:\/\/fleursduzen.com\/wp-content\/uploads\/2024\/01\/In-love-with-me-400-x-400-px-2.png\",\"contentUrl\":\"https:\/\/fleursduzen.com\/wp-content\/uploads\/2024\/01\/In-love-with-me-400-x-400-px-2.png\",\"width\":400,\"height\":400,\"caption\":\"relaxation, massage, d\u00e9tente, Pouzou, masseur, reiki, ayurvedique, masseuse pouzou, massage \u00e0 domicile pouzou, massage pas cher pouzou\"},{\"@type\":\"BreadcrumbList\",\"@id\":\"https:\/\/fleursduzen.com\/index.php\/massage-thai\/#breadcrumb\",\"itemListElement\":[{\"@type\":\"ListItem\",\"position\":1,\"name\":\"Accueil\",\"item\":\"https:\/\/fleursduzen.com\/\"},{\"@type\":\"ListItem\",\"position\":2,\"name\":\"Massage Tha\u00ef\"}]},{\"@type\":\"WebSite\",\"@id\":\"https:\/\/fleursduzen.com\/#website\",\"url\":\"https:\/\/fleursduzen.com\/\",\"name\":\"Fleurs du Zen\",\"description\":\"\",\"publisher\":{\"@id\":\"https:\/\/fleursduzen.com\/#organization\"},\"potentialAction\":[{\"@type\":\"SearchAction\",\"target\":{\"@type\":\"EntryPoint\",\"urlTemplate\":\"https:\/\/fleursduzen.com\/?s={search_term_string}\"},\"query-input\":{\"@type\":\"PropertyValueSpecification\",\"valueRequired\":true,\"valueName\":\"search_term_string\"}}],\"inLanguage\":\"fr-FR\"},{\"@type\":\"Organization\",\"@id\":\"https:\/\/fleursduzen.com\/#organization\",\"name\":\"Fleurs du Zen\",\"url\":\"https:\/\/fleursduzen.com\/\",\"logo\":{\"@type\":\"ImageObject\",\"inLanguage\":\"fr-FR\",\"@id\":\"https:\/\/fleursduzen.com\/#\/schema\/logo\/image\/\",\"url\":\"https:\/\/fleursduzen.com\/wp-content\/uploads\/2023\/12\/cropped-LOGO-FLEURS-DU-ZEN.png\",\"contentUrl\":\"https:\/\/fleursduzen.com\/wp-content\/uploads\/2023\/12\/cropped-LOGO-FLEURS-DU-ZEN.png\",\"width\":750,\"height\":213,\"caption\":\"Fleurs du Zen\"},\"image\":{\"@id\":\"https:\/\/fleursduzen.com\/#\/schema\/logo\/image\/\"}}]}<\/script>\n<!-- \/ Yoast SEO plugin. -->","yoast_head_json":{"title":"Massage Tha\u00ef - Fleurs du Zen","robots":{"index":"index","follow":"follow","max-snippet":"max-snippet:-1","max-image-preview":"max-image-preview:large","max-video-preview":"max-video-preview:-1"},"canonical":"https:\/\/fleursduzen.com\/index.php\/massage-thai\/","og_locale":"fr_FR","og_type":"article","og_title":"Massage Tha\u00ef - Fleurs du Zen","og_description":"Massage Thai Pourquoi le massage Thai ? Si vous avez d\u00e9j\u00e0 re\u00e7u un massage tha\u00ef en Tha\u00eflande et une fois revenu en France, vous vous pr\u00e9cipitez chez l\u2019ost\u00e9opathe, c\u2019\u00e9tait certainement un massage de Bangkok comme nous disait le ma\u00eetre de l\u2019\u00e9cole ITM \u00e0 Chang Mai, c\u2019est-\u00e0-dire un massage appuy\u00e9 et \u00e9nergique. Si au contraire vous [&hellip;]","og_url":"https:\/\/fleursduzen.com\/index.php\/massage-thai\/","og_site_name":"Fleurs du Zen","article_modified_time":"2025-03-24T10:30:31+00:00","og_image":[{"width":400,"height":400,"url":"https:\/\/fleursduzen.com\/wp-content\/uploads\/2024\/01\/In-love-with-me-400-x-400-px-2.png","type":"image\/png"}],"twitter_card":"summary_large_image","twitter_misc":{"Dur\u00e9e de lecture estim\u00e9e":"2 minutes"},"schema":{"@context":"https:\/\/schema.org","@graph":[{"@type":"WebPage","@id":"https:\/\/fleursduzen.com\/index.php\/massage-thai\/","url":"https:\/\/fleursduzen.com\/index.php\/massage-thai\/","name":"Massage Tha\u00ef - Fleurs du Zen","isPartOf":{"@id":"https:\/\/fleursduzen.com\/#website"},"primaryImageOfPage":{"@id":"https:\/\/fleursduzen.com\/index.php\/massage-thai\/#primaryimage"},"image":{"@id":"https:\/\/fleursduzen.com\/index.php\/massage-thai\/#primaryimage"},"thumbnailUrl":"https:\/\/fleursduzen.com\/wp-content\/uploads\/2024\/01\/In-love-with-me-400-x-400-px-2.png","datePublished":"2023-12-14T17:08:02+00:00","dateModified":"2025-03-24T10:30:31+00:00","breadcrumb":{"@id":"https:\/\/fleursduzen.com\/index.php\/massage-thai\/#breadcrumb"},"inLanguage":"fr-FR","potentialAction":[{"@type":"ReadAction","target":["https:\/\/fleursduzen.com\/index.php\/massage-thai\/"]}]},{"@type":"ImageObject","inLanguage":"fr-FR","@id":"https:\/\/fleursduzen.com\/index.php\/massage-thai\/#primaryimage","url":"https:\/\/fleursduzen.com\/wp-content\/uploads\/2024\/01\/In-love-with-me-400-x-400-px-2.png","contentUrl":"https:\/\/fleursduzen.com\/wp-content\/uploads\/2024\/01\/In-love-with-me-400-x-400-px-2.png","width":400,"height":400,"caption":"relaxation, massage, d\u00e9tente, Pouzou, masseur, reiki, ayurvedique, masseuse pouzou, massage \u00e0 domicile pouzou, massage pas cher pouzou"},{"@type":"BreadcrumbList","@id":"https:\/\/fleursduzen.com\/index.php\/massage-thai\/#breadcrumb","itemListElement":[{"@type":"ListItem","position":1,"name":"Accueil","item":"https:\/\/fleursduzen.com\/"},{"@type":"ListItem","position":2,"name":"Massage Tha\u00ef"}]},{"@type":"WebSite","@id":"https:\/\/fleursduzen.com\/#website","url":"https:\/\/fleursduzen.com\/","name":"Fleurs du Zen","description":"","publisher":{"@id":"https:\/\/fleursduzen.com\/#organization"},"potentialAction":[{"@type":"SearchAction","target":{"@type":"EntryPoint","urlTemplate":"https:\/\/fleursduzen.com\/?s={search_term_string}"},"query-input":{"@type":"PropertyValueSpecification","valueRequired":true,"valueName":"search_term_string"}}],"inLanguage":"fr-FR"},{"@type":"Organization","@id":"https:\/\/fleursduzen.com\/#organization","name":"Fleurs du Zen","url":"https:\/\/fleursduzen.com\/","logo":{"@type":"ImageObject","inLanguage":"fr-FR","@id":"https:\/\/fleursduzen.com\/#\/schema\/logo\/image\/","url":"https:\/\/fleursduzen.com\/wp-content\/uploads\/2023\/12\/cropped-LOGO-FLEURS-DU-ZEN.png","contentUrl":"https:\/\/fleursduzen.com\/wp-content\/uploads\/2023\/12\/cropped-LOGO-FLEURS-DU-ZEN.png","width":750,"height":213,"caption":"Fleurs du Zen"},"image":{"@id":"https:\/\/fleursduzen.com\/#\/schema\/logo\/image\/"}}]}},"_links":{"self":[{"href":"https:\/\/fleursduzen.com\/index.php\/wp-json\/wp\/v2\/pages\/588","targetHints":{"allow":["GET"]}}],"collection":[{"href":"https:\/\/fleursduzen.com\/index.php\/wp-json\/wp\/v2\/pages"}],"about":[{"href":"https:\/\/fleursduzen.com\/index.php\/wp-json\/wp\/v2\/types\/page"}],"author":[{"embeddable":true,"href":"https:\/\/fleursduzen.com\/index.php\/wp-json\/wp\/v2\/users\/1"}],"replies":[{"embeddable":true,"href":"https:\/\/fleursduzen.com\/index.php\/wp-json\/wp\/v2\/comments?post=588"}],"version-history":[{"count":14,"href":"https:\/\/fleursduzen.com\/index.php\/wp-json\/wp\/v2\/pages\/588\/revisions"}],"predecessor-version":[{"id":1674,"href":"https:\/\/fleursduzen.com\/index.php\/wp-json\/wp\/v2\/pages\/588\/revisions\/1674"}],"wp:attachment":[{"href":"https:\/\/fleursduzen.com\/index.php\/wp-json\/wp\/v2\/media?parent=588"}],"curies":[{"name":"wp","href":"https:\/\/api.w.org\/{rel}","templated":true}]}}