{"id":1204,"date":"2024-01-08T11:30:59","date_gmt":"2024-01-08T10:30:59","guid":{"rendered":"https:\/\/fleursduzen.com\/?page_id=1204"},"modified":"2025-03-25T17:33:51","modified_gmt":"2025-03-25T16:33:51","slug":"soin-liftant","status":"publish","type":"page","link":"https:\/\/fleursduzen.com\/index.php\/soin-liftant\/","title":{"rendered":"Soin liftant"},"content":{"rendered":"[et_pb_section fb_built=\u00a0\u00bb1&Prime; admin_label=\u00a0\u00bbsection\u00a0\u00bb _builder_version=\u00a0\u00bb4.16&Prime; global_colors_info=\u00a0\u00bb{}\u00a0\u00bb][et_pb_row admin_label=\u00a0\u00bbrow\u00a0\u00bb _builder_version=\u00a0\u00bb4.16&Prime; background_size=\u00a0\u00bbinitial\u00a0\u00bb background_position=\u00a0\u00bbtop_left\u00a0\u00bb background_repeat=\u00a0\u00bbrepeat\u00a0\u00bb global_colors_info=\u00a0\u00bb{}\u00a0\u00bb][et_pb_column type=\u00a0\u00bb4_4&Prime; _builder_version=\u00a0\u00bb4.16&Prime; custom_padding=\u00a0\u00bb|||\u00a0\u00bb global_colors_info=\u00a0\u00bb{}\u00a0\u00bb custom_padding__hover=\u00a0\u00bb|||\u00a0\u00bb][et_pb_text admin_label=\u00a0\u00bbText\u00a0\u00bb _builder_version=\u00a0\u00bb4.27.4&Prime; background_size=\u00a0\u00bbinitial\u00a0\u00bb background_position=\u00a0\u00bbtop_left\u00a0\u00bb background_repeat=\u00a0\u00bbrepeat\u00a0\u00bb hover_enabled=\u00a0\u00bb0&Prime; global_colors_info=\u00a0\u00bb{}\u00a0\u00bb text_orientation=\u00a0\u00bbcenter\u00a0\u00bb sticky_enabled=\u00a0\u00bb0&Prime;]<p><\/p>\n<h1 class=\"wp-block-heading has-text-align-center has-vivid-red-color has-text-color has-link-color wp-elements-9d760dee81a1ce8b7fd3409ba6f8e113\" style=\"font-size: 29px;\"><strong><mark style=\"background-color: rgba(0, 0, 0, 0); color: #cf2e2e;\" class=\"has-inline-color\">Soins liftant anti-\u00e2ge<\/mark><\/strong><\/h1>\n<p><\/p>\n<p><\/p>\n<figure class=\"wp-block-image aligncenter size-full is-resized\"><img loading=\"lazy\" decoding=\"async\" width=\"1024\" height=\"1024\" src=\"https:\/\/fleursduzen.com\/wp-content\/uploads\/2024\/01\/Picto2-02-1024x1024-1.png\" alt=\"Massage d\u00e9tente Lille S\u00e9ance de massage relaxant Massoth\u00e9rapie Lille Bienfaits du massage d\u00e9tente Relaxation corporelle \u00e0 Lille Massage apaisant Lille Soin du corps relaxant Techniques de relaxation musculaire Centre de bien-\u00eatre Lille Th\u00e9rapie de relaxation Massage anti-stress \u00e0 Lille Massage de d\u00e9tente profonde Bien-\u00eatre physique et mental Pause d\u00e9tente Lille Massage californien Lille S\u00e9ance de relaxation totale Massage d\u00e9stressant \u00e0 Lille Soin relaxant du dos Massage global du corps Centre de massage bien-\u00eatre Lille\" class=\"wp-image-1211\" style=\"width: 84px; height: auto;\" srcset=\"https:\/\/fleursduzen.com\/wp-content\/uploads\/2024\/01\/Picto2-02-1024x1024-1.png 1024w, https:\/\/fleursduzen.com\/wp-content\/uploads\/2024\/01\/Picto2-02-1024x1024-1-300x300.png 300w, https:\/\/fleursduzen.com\/wp-content\/uploads\/2024\/01\/Picto2-02-1024x1024-1-150x150.png 150w, https:\/\/fleursduzen.com\/wp-content\/uploads\/2024\/01\/Picto2-02-1024x1024-1-768x768.png 768w\" sizes=\"(max-width: 1024px) 100vw, 1024px\" \/><\/figure>\n<p><\/p>\n<p><\/p>\n<div style=\"height: 12px;\" aria-hidden=\"true\" class=\"wp-block-spacer\"><\/div>\n<p><\/p>\n<p><\/p>\n<p class=\"has-text-align-center\">\u00catre esth\u00e9ticienne, c\u2019est \u00eatre sp\u00e9cialiste des soins de beaut\u00e9 et du bien-\u00eatre, en connaissant notamment la physiologie de la peau, et des muscles peauciers qui la sous-tendent.<br \/>Par mes diff\u00e9rentes exp\u00e9riences au sein d\u2019instituts et spa (particuli\u00e8rement 5 Mondes), j\u2019ai eu l\u2019opportunit\u00e9 de sortir des protocoles habituels et de me former au Kobido.<\/p>\n<p><\/p>\n<p><\/p>\n<p class=\"has-text-align-center\" style=\"font-size: 23px;\"><strong><mark style=\"background-color: rgba(0, 0, 0, 0); color: #cf2e2e;\" class=\"has-inline-color\">\u00c0 savoir sur la s\u00e9ance :<\/mark><\/strong><\/p>\n<p><\/p>\n<p><\/p>\n<p class=\"has-text-align-center\"><strong>S\u00e9ance d&rsquo;une heure.<\/strong><\/p>\n<p><\/p>\n<p><\/p>\n<p class=\"has-text-align-center\">Pour un r\u00e9sultat optimal, pr\u00e9voyez dix s\u00e9ances rapproch\u00e9es (\u00e0 raison de deux par semaine),<br \/>puis une s\u00e9ance d\u2019entretien tous les 15 jours\/1 mois.<\/p>\n<p><\/p>\n<p><\/p>\n<p class=\"has-text-align-center has-vivid-red-color has-text-color has-link-color wp-elements-a8f3c18382ca946536eee3986debdcdb\" style=\"font-size: 23px;\"><strong><mark style=\"background-color: rgba(0, 0, 0, 0); color: #cf2e2e;\" class=\"has-inline-color\">Contre-indications\u00a0:<\/mark><\/strong><\/p>\n<p><\/p>\n<p><\/p>\n<p class=\"has-text-align-center\">1- Grossesse de moins de 3 mois<\/p>\n<p><\/p>\n<p><\/p>\n<p class=\"has-text-align-center\">2- Pathologies lourdes ( cancer, troubles cardiaques, fievre)<\/p>\n<p><\/p>\n<p><\/p>\n<p class=\"has-text-align-center\">3- Op\u00e9ration ou blessure r\u00e9cente dans la nuque, crane, visage<\/p>\n<p><\/p>\n<p><\/p>\n<p class=\"has-text-align-center\">3- Dans les 7 jours suivant l\u2019injection de produit esth\u00e9tique ou scl\u00e9rosant ou de traitement de la peau invasif<\/p>\n<p><\/p>\n<p><\/p>\n<div style=\"height: 30px;\" aria-hidden=\"true\" class=\"wp-block-spacer\"><\/div>\n<p><\/p>\n<p><\/p>\n<p class=\"has-text-align-center has-vivid-red-color has-text-color has-link-color wp-elements-01357065ddc3efe494f4e6c241c0262e\" style=\"font-size: 19px;\"><strong><mark style=\"background-color: rgba(0, 0, 0, 0); color: #cf2e2e;\" class=\"has-inline-color\">Tarif\u00a0: 70 euros la s\u00e9ance<br \/>Package 10 s\u00e9ances\u00a0: 600 euros<\/mark><\/strong><\/p>\n<p><\/p>\n<p><\/p>\n<div style=\"height: 6px;\" aria-hidden=\"true\" class=\"wp-block-spacer\"><\/div>\n<p><\/p>\n<p><\/p>\n<div class=\"wp-block-buttons is-content-justification-center is-layout-flex wp-container-core-buttons-is-layout-16018d1d wp-block-buttons-is-layout-flex\">\n<p><\/p>\n<div class=\"wp-block-button\"><a class=\"wp-block-button__link has-vivid-red-background-color has-background wp-element-button\" href=\"https:\/\/fleursduzen.com\/index.php\/contacter\/\"><strong>R\u00e9server une s\u00e9ance<\/strong><\/a><\/div>\n<p><\/p>\n<\/div>\n<p><\/p>\n<p><\/p>\n<div style=\"height: 30px;\" aria-hidden=\"true\" class=\"wp-block-spacer\"><\/div>\n<p><\/p>\n<p><\/p>\n<p class=\"has-text-align-center has-vivid-red-color has-text-color has-link-color wp-elements-4201c0424c883f7c32cc9a8e8b27fe1f\" style=\"font-size: 23px;\"><strong><mark style=\"background-color: rgba(0, 0, 0, 0); color: #cf2e2e;\" class=\"has-inline-color\">Tout savoir sur le massage lymphatique drainant :<\/mark><\/strong><\/p>\n<p><\/p>\n<p><\/p>\n<p class=\"has-text-align-center\">Ce soin japonais, traduit comme \u00ab\u00a0 Ancienne voie de beaut\u00e9 \u00ab\u00a0 pour les imp\u00e9ratrices, est plus qu\u2019un massage,<br \/>car il associe des man\u0153uvres techniques telles que lissages, p\u00e9trissages, percussions, vibrations, au sein d\u2019une chor\u00e9graphie savamment orchestr\u00e9e, un peu \u00e0 la fa\u00e7on des katas.<\/p>\n<p><\/p>\n<p><\/p>\n<p class=\"has-text-align-center\">L\u2019ensemble du visage est d\u2019abord travaill\u00e9, puis un c\u00f4t\u00e9 puis l\u2019autre, avec des mouvements plus ou moins profonds.<br \/>Issu de la philosophie asiatique, les m\u00e9ridiens \u00e9nerg\u00e9tiques sont \u00e9galement sollicit\u00e9s pour r\u00e9tablir l\u2019\u00e9quilibre et raviver le \u00abchi\u00a0\u00bb, l\u2019\u00e9nergie vitale. Les man\u0153uvres stimulent la microcirculation et le flux lymphatique, pour un meilleur apport nutritif aux cellules et drainage des d\u00e9chets, en cela, il peut \u00eatre recommand\u00e9 en accompagnement du massage corps<br \/>drainant.<br \/>Ce soin visage a un effet imm\u00e9diat repulpant, et le teint est plus lumineux, mais cet effet est durable car les diff\u00e9rentes man\u0153uvres de stretching am\u00e8nent la fibre ( les fibloblastes ) \u00e0 se rel\u00e2cher, puis \u00e0 s\u2019allonger, pour retendre la peau . Des \u00e9tudes scientifiques depuis les ann\u00e9es 1980 confirment ces r\u00e9sultats par l\u2019augmentation de la production de collag\u00e8ne et d\u2019\u00e9lastine.<\/p>\n<p><\/p>\n<p><\/p>\n<div style=\"height: 42px;\" aria-hidden=\"true\" class=\"wp-block-spacer\"><\/div>\n<p><\/p>[\/et_pb_text][\/et_pb_column][\/et_pb_row][\/et_pb_section]","protected":false},"excerpt":{"rendered":"<p>Soins liftant anti-\u00e2ge \u00catre esth\u00e9ticienne, c\u2019est \u00eatre sp\u00e9cialiste des soins de beaut\u00e9 et du bien-\u00eatre, en connaissant notamment la physiologie de la peau, et des muscles peauciers qui la sous-tendent.Par mes diff\u00e9rentes exp\u00e9riences au sein d\u2019instituts et spa (particuli\u00e8rement 5 Mondes), j\u2019ai eu l\u2019opportunit\u00e9 de sortir des protocoles habituels et de me former au Kobido. [&hellip;]<\/p>\n","protected":false},"author":1,"featured_media":0,"parent":0,"menu_order":0,"comment_status":"closed","ping_status":"closed","template":"","meta":{"_et_pb_use_builder":"on","_et_pb_old_content":"<!-- wp:heading {\"textAlign\":\"center\",\"level\":1,\"style\":{\"elements\":{\"link\":{\"color\":{\"text\":\"var:preset|color|vivid-red\"}}},\"typography\":{\"fontSize\":\"29px\"}},\"textColor\":\"vivid-red\"} -->\n<h1 class=\"wp-block-heading has-text-align-center has-vivid-red-color has-text-color has-link-color\" style=\"font-size:29px\"><mark style=\"background-color:rgba(0, 0, 0, 0);color:#cf2e2e\" class=\"has-inline-color\">Soins liftant anti-\u00e2ge<\/mark><\/h1>\n<!-- \/wp:heading -->\n\n<!-- wp:image {\"align\":\"center\",\"id\":1211,\"width\":\"84px\",\"height\":\"auto\",\"sizeSlug\":\"full\",\"linkDestination\":\"none\"} -->\n<figure class=\"wp-block-image aligncenter size-full is-resized\"><img src=\"https:\/\/fleursduzen.com\/wp-content\/uploads\/2024\/01\/Picto2-02-1024x1024-1.png\" alt=\"Massage d\u00e9tente Lille\nS\u00e9ance de massage relaxant\nMassoth\u00e9rapie Lille\nBienfaits du massage d\u00e9tente\nRelaxation corporelle \u00e0 Lille\nMassage apaisant Lille\nSoin du corps relaxant\nTechniques de relaxation musculaire\nCentre de bien-\u00eatre Lille\nTh\u00e9rapie de relaxation\nMassage anti-stress \u00e0 Lille\nMassage de d\u00e9tente profonde\nBien-\u00eatre physique et mental\nPause d\u00e9tente Lille\nMassage californien Lille\nS\u00e9ance de relaxation totale\nMassage d\u00e9stressant \u00e0 Lille\nSoin relaxant du dos\nMassage global du corps\nCentre de massage bien-\u00eatre Lille\" class=\"wp-image-1211\" style=\"width:84px;height:auto\"\/><\/figure>\n<!-- \/wp:image -->\n\n<!-- wp:spacer {\"height\":\"12px\"} -->\n<div style=\"height:12px\" aria-hidden=\"true\" class=\"wp-block-spacer\"><\/div>\n<!-- \/wp:spacer -->\n\n<!-- wp:paragraph {\"align\":\"center\"} -->\n<p class=\"has-text-align-center\">\u00catre esth\u00e9ticienne, c\u2019est \u00eatre sp\u00e9cialiste des soins de beaut\u00e9 et du bien-\u00eatre, en connaissant notamment la physiologie de la peau, et des muscles peauciers qui la sous-tendent.<br>Par mes diff\u00e9rentes exp\u00e9riences au sein d\u2019instituts et spa (notamment 5 Mondes), j\u2019ai eu l\u2019opportunit\u00e9 de sortir des protocoles habituels et de me former au Kobido.<\/p>\n<!-- \/wp:paragraph -->\n\n<!-- wp:paragraph {\"align\":\"center\",\"style\":{\"typography\":{\"fontSize\":\"23px\"}}} -->\n<p class=\"has-text-align-center\" style=\"font-size:23px\"><strong><mark style=\"background-color:rgba(0, 0, 0, 0);color:#cf2e2e\" class=\"has-inline-color\">\u00c0 savoir sur la s\u00e9ance :<\/mark><\/strong><\/p>\n<!-- \/wp:paragraph -->\n\n<!-- wp:paragraph {\"align\":\"center\"} -->\n<p class=\"has-text-align-center\"><strong>S\u00e9ance d'une heure.<\/strong><\/p>\n<!-- \/wp:paragraph -->\n\n<!-- wp:paragraph {\"align\":\"center\"} -->\n<p class=\"has-text-align-center\">Pour un r\u00e9sultat optimal, pr\u00e9voyez dix s\u00e9ances rapproch\u00e9es (\u00e0 raison de deux par semaine),<br>puis une s\u00e9ance d\u2019entretien tous les 15 jours\/1 mois.<\/p>\n<!-- \/wp:paragraph -->\n\n<!-- wp:paragraph {\"align\":\"center\",\"style\":{\"elements\":{\"link\":{\"color\":{\"text\":\"var:preset|color|vivid-red\"}}},\"typography\":{\"fontSize\":\"23px\"}},\"textColor\":\"vivid-red\"} -->\n<p class=\"has-text-align-center has-vivid-red-color has-text-color has-link-color\" style=\"font-size:23px\"><strong><mark style=\"background-color:rgba(0, 0, 0, 0);color:#cf2e2e\" class=\"has-inline-color\">Contre-indications&nbsp;:<\/mark><\/strong><\/p>\n<!-- \/wp:paragraph -->\n\n<!-- wp:paragraph {\"align\":\"center\"} -->\n<p class=\"has-text-align-center\">1- Grossesse de moins de 3 mois<\/p>\n<!-- \/wp:paragraph -->\n\n<!-- wp:paragraph {\"align\":\"center\"} -->\n<p class=\"has-text-align-center\">2- Pathologies lourdes ( cancer, troubles cardiaques, fievre)<\/p>\n<!-- \/wp:paragraph -->\n\n<!-- wp:paragraph {\"align\":\"center\"} -->\n<p class=\"has-text-align-center\">3- Op\u00e9ration ou blessure r\u00e9cente dans la nuque, crane, visage<\/p>\n<!-- \/wp:paragraph -->\n\n<!-- wp:paragraph {\"align\":\"center\"} -->\n<p class=\"has-text-align-center\">3- Dans les 7 jours suivant l\u2019injection de produit esth\u00e9tique ou scl\u00e9rosant ou de traitement de la peau invasif<\/p>\n<!-- \/wp:paragraph -->\n\n<!-- wp:spacer {\"height\":\"30px\"} -->\n<div style=\"height:30px\" aria-hidden=\"true\" class=\"wp-block-spacer\"><\/div>\n<!-- \/wp:spacer -->\n\n<!-- wp:paragraph {\"align\":\"center\",\"style\":{\"elements\":{\"link\":{\"color\":{\"text\":\"var:preset|color|vivid-red\"}}},\"typography\":{\"fontSize\":\"19px\"}},\"textColor\":\"vivid-red\"} -->\n<p class=\"has-text-align-center has-vivid-red-color has-text-color has-link-color\" style=\"font-size:19px\"><strong><mark style=\"background-color:rgba(0, 0, 0, 0);color:#cf2e2e\" class=\"has-inline-color\">Tarif&nbsp;: 70 euros la s\u00e9ance<br>Package 10 s\u00e9ances&nbsp;: 600 euros<\/mark><\/strong><\/p>\n<!-- \/wp:paragraph -->\n\n<!-- wp:spacer {\"height\":\"6px\"} -->\n<div style=\"height:6px\" aria-hidden=\"true\" class=\"wp-block-spacer\"><\/div>\n<!-- \/wp:spacer -->\n\n<!-- wp:buttons {\"layout\":{\"type\":\"flex\",\"justifyContent\":\"center\"}} -->\n<div class=\"wp-block-buttons\"><!-- wp:button {\"backgroundColor\":\"vivid-red\"} -->\n<div class=\"wp-block-button\"><a class=\"wp-block-button__link has-vivid-red-background-color has-background wp-element-button\" href=\"https:\/\/fleursduzen.com\/index.php\/contacter\/\"><strong>R\u00e9server une s\u00e9ance<\/strong><\/a><\/div>\n<!-- \/wp:button --><\/div>\n<!-- \/wp:buttons -->\n\n<!-- wp:spacer {\"height\":\"30px\"} -->\n<div style=\"height:30px\" aria-hidden=\"true\" class=\"wp-block-spacer\"><\/div>\n<!-- \/wp:spacer -->\n\n<!-- wp:paragraph {\"align\":\"center\",\"style\":{\"elements\":{\"link\":{\"color\":{\"text\":\"var:preset|color|vivid-red\"}}},\"typography\":{\"fontSize\":\"23px\"}},\"textColor\":\"vivid-red\"} -->\n<p class=\"has-text-align-center has-vivid-red-color has-text-color has-link-color\" style=\"font-size:23px\"><strong><mark style=\"background-color:rgba(0, 0, 0, 0);color:#cf2e2e\" class=\"has-inline-color\">Tout savoir sur le massage lymphatique drainant :<\/mark><\/strong><\/p>\n<!-- \/wp:paragraph -->\n\n<!-- wp:paragraph {\"align\":\"center\"} -->\n<p class=\"has-text-align-center\">Ce soin japonais, traduit comme \u00ab&nbsp; Ancienne voie de beaut\u00e9 \u00ab&nbsp; pour les imp\u00e9ratrices, est plus qu\u2019un massage,<br>car il associe des man\u0153uvres techniques telles que lissages, p\u00e9trissages, percussions, vibrations, au sein d\u2019une chor\u00e9graphie savamment orchestr\u00e9e, un peu \u00e0 la fa\u00e7on des katas. <\/p>\n<!-- \/wp:paragraph -->\n\n<!-- wp:paragraph {\"align\":\"center\"} -->\n<p class=\"has-text-align-center\">L\u2019ensemble du visage est d\u2019abord travaill\u00e9, puis un c\u00f4t\u00e9 puis l\u2019autre, avec des mouvements plus ou moins profonds.<br>Issu de la philosophie asiatique, les m\u00e9ridiens \u00e9nerg\u00e9tiques sont \u00e9galement sollicit\u00e9s pour r\u00e9tablir l\u2019\u00e9quilibre et raviver le \u00abchi&nbsp;\u00bb, l\u2019\u00e9nergie vitale. Les man\u0153uvres stimulent la microcirculation et le flux lymphatique, pour un meilleur apport nutritif aux cellules et drainage des d\u00e9chets, en cela, il peut \u00eatre recommand\u00e9 en accompagnement du massage corps<br>drainant.<br>Ce soin visage a un effet imm\u00e9diat repulpant, et le teint est plus lumineux, mais cet effet est durable car les diff\u00e9rentes man\u0153uvres de stretching am\u00e8nent la fibre ( les fibloblastes ) \u00e0 se rel\u00e2cher, puis \u00e0 s\u2019allonger, pour retendre la peau . Des \u00e9tudes scientifiques depuis les ann\u00e9es 1980 confirment ces r\u00e9sultats par l\u2019augmentation de la production de collag\u00e8ne et d\u2019\u00e9lastine.<\/p>\n<!-- \/wp:paragraph -->\n\n<!-- wp:spacer {\"height\":\"42px\"} -->\n<div style=\"height:42px\" aria-hidden=\"true\" class=\"wp-block-spacer\"><\/div>\n<!-- \/wp:spacer -->","_et_gb_content_width":"","footnotes":""},"class_list":["post-1204","page","type-page","status-publish","hentry"],"yoast_head":"<!-- This site is optimized with the Yoast SEO plugin v26.6 - https:\/\/yoast.com\/wordpress\/plugins\/seo\/ -->\n<title>Soin liftant - Fleurs du Zen<\/title>\n<meta name=\"robots\" content=\"index, follow, max-snippet:-1, max-image-preview:large, max-video-preview:-1\" \/>\n<link rel=\"canonical\" href=\"https:\/\/fleursduzen.com\/index.php\/soin-liftant\/\" \/>\n<meta property=\"og:locale\" content=\"fr_FR\" \/>\n<meta property=\"og:type\" content=\"article\" \/>\n<meta property=\"og:title\" content=\"Soin liftant - Fleurs du Zen\" \/>\n<meta property=\"og:description\" content=\"Soins liftant anti-\u00e2ge \u00catre esth\u00e9ticienne, c\u2019est \u00eatre sp\u00e9cialiste des soins de beaut\u00e9 et du bien-\u00eatre, en connaissant notamment la physiologie de la peau, et des muscles peauciers qui la sous-tendent.Par mes diff\u00e9rentes exp\u00e9riences au sein d\u2019instituts et spa (particuli\u00e8rement 5 Mondes), j\u2019ai eu l\u2019opportunit\u00e9 de sortir des protocoles habituels et de me former au Kobido. [&hellip;]\" \/>\n<meta property=\"og:url\" content=\"https:\/\/fleursduzen.com\/index.php\/soin-liftant\/\" \/>\n<meta property=\"og:site_name\" content=\"Fleurs du Zen\" \/>\n<meta property=\"article:modified_time\" content=\"2025-03-25T16:33:51+00:00\" \/>\n<meta property=\"og:image\" content=\"https:\/\/fleursduzen.com\/wp-content\/uploads\/2024\/01\/Picto2-02-1024x1024-1.png\" \/>\n\t<meta property=\"og:image:width\" content=\"1024\" \/>\n\t<meta property=\"og:image:height\" content=\"1024\" \/>\n\t<meta property=\"og:image:type\" content=\"image\/png\" \/>\n<meta name=\"twitter:card\" content=\"summary_large_image\" \/>\n<meta name=\"twitter:label1\" content=\"Dur\u00e9e de lecture estim\u00e9e\" \/>\n\t<meta name=\"twitter:data1\" content=\"2 minutes\" \/>\n<script type=\"application\/ld+json\" class=\"yoast-schema-graph\">{\"@context\":\"https:\/\/schema.org\",\"@graph\":[{\"@type\":\"WebPage\",\"@id\":\"https:\/\/fleursduzen.com\/index.php\/soin-liftant\/\",\"url\":\"https:\/\/fleursduzen.com\/index.php\/soin-liftant\/\",\"name\":\"Soin liftant - Fleurs du Zen\",\"isPartOf\":{\"@id\":\"https:\/\/fleursduzen.com\/#website\"},\"primaryImageOfPage\":{\"@id\":\"https:\/\/fleursduzen.com\/index.php\/soin-liftant\/#primaryimage\"},\"image\":{\"@id\":\"https:\/\/fleursduzen.com\/index.php\/soin-liftant\/#primaryimage\"},\"thumbnailUrl\":\"https:\/\/fleursduzen.com\/wp-content\/uploads\/2024\/01\/Picto2-02-1024x1024-1.png\",\"datePublished\":\"2024-01-08T10:30:59+00:00\",\"dateModified\":\"2025-03-25T16:33:51+00:00\",\"breadcrumb\":{\"@id\":\"https:\/\/fleursduzen.com\/index.php\/soin-liftant\/#breadcrumb\"},\"inLanguage\":\"fr-FR\",\"potentialAction\":[{\"@type\":\"ReadAction\",\"target\":[\"https:\/\/fleursduzen.com\/index.php\/soin-liftant\/\"]}]},{\"@type\":\"ImageObject\",\"inLanguage\":\"fr-FR\",\"@id\":\"https:\/\/fleursduzen.com\/index.php\/soin-liftant\/#primaryimage\",\"url\":\"https:\/\/fleursduzen.com\/wp-content\/uploads\/2024\/01\/Picto2-02-1024x1024-1.png\",\"contentUrl\":\"https:\/\/fleursduzen.com\/wp-content\/uploads\/2024\/01\/Picto2-02-1024x1024-1.png\",\"width\":1024,\"height\":1024,\"caption\":\"relaxation, massage, d\u00e9tente, Pouzou, masseur, reiki, ayurvedique, masseuse pouzou, massage \u00e0 domicile pouzou, massage pas cher pouzou\"},{\"@type\":\"BreadcrumbList\",\"@id\":\"https:\/\/fleursduzen.com\/index.php\/soin-liftant\/#breadcrumb\",\"itemListElement\":[{\"@type\":\"ListItem\",\"position\":1,\"name\":\"Accueil\",\"item\":\"https:\/\/fleursduzen.com\/\"},{\"@type\":\"ListItem\",\"position\":2,\"name\":\"Soin liftant\"}]},{\"@type\":\"WebSite\",\"@id\":\"https:\/\/fleursduzen.com\/#website\",\"url\":\"https:\/\/fleursduzen.com\/\",\"name\":\"Fleurs du Zen\",\"description\":\"\",\"publisher\":{\"@id\":\"https:\/\/fleursduzen.com\/#organization\"},\"potentialAction\":[{\"@type\":\"SearchAction\",\"target\":{\"@type\":\"EntryPoint\",\"urlTemplate\":\"https:\/\/fleursduzen.com\/?s={search_term_string}\"},\"query-input\":{\"@type\":\"PropertyValueSpecification\",\"valueRequired\":true,\"valueName\":\"search_term_string\"}}],\"inLanguage\":\"fr-FR\"},{\"@type\":\"Organization\",\"@id\":\"https:\/\/fleursduzen.com\/#organization\",\"name\":\"Fleurs du Zen\",\"url\":\"https:\/\/fleursduzen.com\/\",\"logo\":{\"@type\":\"ImageObject\",\"inLanguage\":\"fr-FR\",\"@id\":\"https:\/\/fleursduzen.com\/#\/schema\/logo\/image\/\",\"url\":\"https:\/\/fleursduzen.com\/wp-content\/uploads\/2023\/12\/cropped-LOGO-FLEURS-DU-ZEN.png\",\"contentUrl\":\"https:\/\/fleursduzen.com\/wp-content\/uploads\/2023\/12\/cropped-LOGO-FLEURS-DU-ZEN.png\",\"width\":750,\"height\":213,\"caption\":\"Fleurs du Zen\"},\"image\":{\"@id\":\"https:\/\/fleursduzen.com\/#\/schema\/logo\/image\/\"}}]}<\/script>\n<!-- \/ Yoast SEO plugin. -->","yoast_head_json":{"title":"Soin liftant - Fleurs du Zen","robots":{"index":"index","follow":"follow","max-snippet":"max-snippet:-1","max-image-preview":"max-image-preview:large","max-video-preview":"max-video-preview:-1"},"canonical":"https:\/\/fleursduzen.com\/index.php\/soin-liftant\/","og_locale":"fr_FR","og_type":"article","og_title":"Soin liftant - Fleurs du Zen","og_description":"Soins liftant anti-\u00e2ge \u00catre esth\u00e9ticienne, c\u2019est \u00eatre sp\u00e9cialiste des soins de beaut\u00e9 et du bien-\u00eatre, en connaissant notamment la physiologie de la peau, et des muscles peauciers qui la sous-tendent.Par mes diff\u00e9rentes exp\u00e9riences au sein d\u2019instituts et spa (particuli\u00e8rement 5 Mondes), j\u2019ai eu l\u2019opportunit\u00e9 de sortir des protocoles habituels et de me former au Kobido. [&hellip;]","og_url":"https:\/\/fleursduzen.com\/index.php\/soin-liftant\/","og_site_name":"Fleurs du Zen","article_modified_time":"2025-03-25T16:33:51+00:00","og_image":[{"width":1024,"height":1024,"url":"https:\/\/fleursduzen.com\/wp-content\/uploads\/2024\/01\/Picto2-02-1024x1024-1.png","type":"image\/png"}],"twitter_card":"summary_large_image","twitter_misc":{"Dur\u00e9e de lecture estim\u00e9e":"2 minutes"},"schema":{"@context":"https:\/\/schema.org","@graph":[{"@type":"WebPage","@id":"https:\/\/fleursduzen.com\/index.php\/soin-liftant\/","url":"https:\/\/fleursduzen.com\/index.php\/soin-liftant\/","name":"Soin liftant - Fleurs du Zen","isPartOf":{"@id":"https:\/\/fleursduzen.com\/#website"},"primaryImageOfPage":{"@id":"https:\/\/fleursduzen.com\/index.php\/soin-liftant\/#primaryimage"},"image":{"@id":"https:\/\/fleursduzen.com\/index.php\/soin-liftant\/#primaryimage"},"thumbnailUrl":"https:\/\/fleursduzen.com\/wp-content\/uploads\/2024\/01\/Picto2-02-1024x1024-1.png","datePublished":"2024-01-08T10:30:59+00:00","dateModified":"2025-03-25T16:33:51+00:00","breadcrumb":{"@id":"https:\/\/fleursduzen.com\/index.php\/soin-liftant\/#breadcrumb"},"inLanguage":"fr-FR","potentialAction":[{"@type":"ReadAction","target":["https:\/\/fleursduzen.com\/index.php\/soin-liftant\/"]}]},{"@type":"ImageObject","inLanguage":"fr-FR","@id":"https:\/\/fleursduzen.com\/index.php\/soin-liftant\/#primaryimage","url":"https:\/\/fleursduzen.com\/wp-content\/uploads\/2024\/01\/Picto2-02-1024x1024-1.png","contentUrl":"https:\/\/fleursduzen.com\/wp-content\/uploads\/2024\/01\/Picto2-02-1024x1024-1.png","width":1024,"height":1024,"caption":"relaxation, massage, d\u00e9tente, Pouzou, masseur, reiki, ayurvedique, masseuse pouzou, massage \u00e0 domicile pouzou, massage pas cher pouzou"},{"@type":"BreadcrumbList","@id":"https:\/\/fleursduzen.com\/index.php\/soin-liftant\/#breadcrumb","itemListElement":[{"@type":"ListItem","position":1,"name":"Accueil","item":"https:\/\/fleursduzen.com\/"},{"@type":"ListItem","position":2,"name":"Soin liftant"}]},{"@type":"WebSite","@id":"https:\/\/fleursduzen.com\/#website","url":"https:\/\/fleursduzen.com\/","name":"Fleurs du Zen","description":"","publisher":{"@id":"https:\/\/fleursduzen.com\/#organization"},"potentialAction":[{"@type":"SearchAction","target":{"@type":"EntryPoint","urlTemplate":"https:\/\/fleursduzen.com\/?s={search_term_string}"},"query-input":{"@type":"PropertyValueSpecification","valueRequired":true,"valueName":"search_term_string"}}],"inLanguage":"fr-FR"},{"@type":"Organization","@id":"https:\/\/fleursduzen.com\/#organization","name":"Fleurs du Zen","url":"https:\/\/fleursduzen.com\/","logo":{"@type":"ImageObject","inLanguage":"fr-FR","@id":"https:\/\/fleursduzen.com\/#\/schema\/logo\/image\/","url":"https:\/\/fleursduzen.com\/wp-content\/uploads\/2023\/12\/cropped-LOGO-FLEURS-DU-ZEN.png","contentUrl":"https:\/\/fleursduzen.com\/wp-content\/uploads\/2023\/12\/cropped-LOGO-FLEURS-DU-ZEN.png","width":750,"height":213,"caption":"Fleurs du Zen"},"image":{"@id":"https:\/\/fleursduzen.com\/#\/schema\/logo\/image\/"}}]}},"_links":{"self":[{"href":"https:\/\/fleursduzen.com\/index.php\/wp-json\/wp\/v2\/pages\/1204","targetHints":{"allow":["GET"]}}],"collection":[{"href":"https:\/\/fleursduzen.com\/index.php\/wp-json\/wp\/v2\/pages"}],"about":[{"href":"https:\/\/fleursduzen.com\/index.php\/wp-json\/wp\/v2\/types\/page"}],"author":[{"embeddable":true,"href":"https:\/\/fleursduzen.com\/index.php\/wp-json\/wp\/v2\/users\/1"}],"replies":[{"embeddable":true,"href":"https:\/\/fleursduzen.com\/index.php\/wp-json\/wp\/v2\/comments?post=1204"}],"version-history":[{"count":9,"href":"https:\/\/fleursduzen.com\/index.php\/wp-json\/wp\/v2\/pages\/1204\/revisions"}],"predecessor-version":[{"id":1758,"href":"https:\/\/fleursduzen.com\/index.php\/wp-json\/wp\/v2\/pages\/1204\/revisions\/1758"}],"wp:attachment":[{"href":"https:\/\/fleursduzen.com\/index.php\/wp-json\/wp\/v2\/media?parent=1204"}],"curies":[{"name":"wp","href":"https:\/\/api.w.org\/{rel}","templated":true}]}}